{"id":844,"date":"2021-11-08T11:45:11","date_gmt":"2021-11-08T10:45:11","guid":{"rendered":"http:\/\/mzhk.pl\/?page_id=844"},"modified":"2021-11-08T11:45:11","modified_gmt":"2021-11-08T10:45:11","slug":"ix-mazowiecka-wystawa-krolikow-rasowych","status":"publish","type":"page","link":"http:\/\/mzhk.pl\/?page_id=844","title":{"rendered":"IX Mazowiecka Wystawa Kr\u00f3lik\u00f3w Rasowych"},"content":{"rendered":"\n<p>W dniach 16-17\nlistopada 2019 r odby\u0142a si\u0119 w Broniszach IX Mazowiecka Wystawa Kr\u00f3lik\u00f3w Rasowych.\nW wystawie wzi\u0119\u0142o udzia\u0142 91 hodowc\u00f3w , kt\u00f3rzy wystawili 749 kr\u00f3lik\u00f3w w 46\nrasach. <\/p>\n\n\n\n<p>Chcieliby\u015bmy\nprzekaza\u0107 podzi\u0119kowania dla Wystawc\u00f3w, bo tylko dzi\u0119ki Waszemu zaanga\u017cowaniu,\nsolidno\u015bci i rzetelno\u015bci uda\u0142o nam si\u0119 zorganizowa\u0107 t\u0105 Wystaw\u0119<\/p>\n\n\n\n<p>W V Turnieju\nw rasie Wielki Jasnosrebrzysty wzi\u0119\u0142o udzia\u0142 69 kr\u00f3lik\u00f3w w rasie WJS,\nwystawianych przez 16 hodowc\u00f3w. <\/p>\n\n\n\n<p>W II\nKlubowej Wystawie Belgijskich Olbrzym\u00f3w wzi\u0119\u0142o udzia\u0142 249 kr\u00f3lik\u00f3w we wszystkich\nodmianach barwnych, wystawianych przez 38 hodowc\u00f3w. &nbsp;<\/p>\n\n\n\n<p>Z czego &nbsp;Hodowcy z Klub wystawili 108 szt. belgijskich\nOlbrzym\u00f3w. <\/p>\n\n\n\n<ul class=\"wp-block-gallery columns-3 is-cropped wp-block-gallery-1 is-layout-flex wp-block-gallery-is-layout-flex\"><li class=\"blocks-gallery-item\"><figure><img loading=\"lazy\" decoding=\"async\" width=\"1024\" height=\"576\" src=\"http:\/\/mzhk.pl\/wp-content\/uploads\/2021\/11\/20191117_083415-1024x576.jpg\" alt=\"\" data-id=\"845\" data-link=\"http:\/\/mzhk.pl\/?attachment_id=845\" class=\"wp-image-845\" srcset=\"http:\/\/mzhk.pl\/wp-content\/uploads\/2021\/11\/20191117_083415.jpg 1024w, http:\/\/mzhk.pl\/wp-content\/uploads\/2021\/11\/20191117_083415-300x169.jpg 300w, http:\/\/mzhk.pl\/wp-content\/uploads\/2021\/11\/20191117_083415-768x432.jpg 768w, http:\/\/mzhk.pl\/wp-content\/uploads\/2021\/11\/20191117_083415-400x225.jpg 400w\" sizes=\"auto, (max-width: 1024px) 100vw, 1024px\" \/><figcaption>M<\/figcaption><\/figure><\/li><li class=\"blocks-gallery-item\"><figure><img loading=\"lazy\" decoding=\"async\" width=\"1024\" height=\"576\" src=\"http:\/\/mzhk.pl\/wp-content\/uploads\/2021\/11\/20191117_083426-1024x576.jpg\" alt=\"\" data-id=\"846\" data-link=\"http:\/\/mzhk.pl\/?attachment_id=846\" class=\"wp-image-846\" srcset=\"http:\/\/mzhk.pl\/wp-content\/uploads\/2021\/11\/20191117_083426.jpg 1024w, http:\/\/mzhk.pl\/wp-content\/uploads\/2021\/11\/20191117_083426-300x169.jpg 300w, http:\/\/mzhk.pl\/wp-content\/uploads\/2021\/11\/20191117_083426-768x432.jpg 768w, http:\/\/mzhk.pl\/wp-content\/uploads\/2021\/11\/20191117_083426-400x225.jpg 400w\" sizes=\"auto, (max-width: 1024px) 100vw, 1024px\" \/><figcaption>M<\/figcaption><\/figure><\/li><li class=\"blocks-gallery-item\"><figure><img loading=\"lazy\" decoding=\"async\" width=\"1024\" height=\"576\" src=\"http:\/\/mzhk.pl\/wp-content\/uploads\/2021\/11\/20191117_083441-1024x576.jpg\" alt=\"\" data-id=\"847\" data-link=\"http:\/\/mzhk.pl\/?attachment_id=847\" class=\"wp-image-847\" srcset=\"http:\/\/mzhk.pl\/wp-content\/uploads\/2021\/11\/20191117_083441.jpg 1024w, http:\/\/mzhk.pl\/wp-content\/uploads\/2021\/11\/20191117_083441-300x169.jpg 300w, http:\/\/mzhk.pl\/wp-content\/uploads\/2021\/11\/20191117_083441-768x432.jpg 768w, http:\/\/mzhk.pl\/wp-content\/uploads\/2021\/11\/20191117_083441-400x225.jpg 400w\" sizes=\"auto, (max-width: 1024px) 100vw, 1024px\" \/><figcaption>M<\/figcaption><\/figure><\/li><li class=\"blocks-gallery-item\"><figure><img loading=\"lazy\" decoding=\"async\" width=\"1024\" height=\"576\" src=\"http:\/\/mzhk.pl\/wp-content\/uploads\/2021\/11\/20191117_083501-1024x576.jpg\" alt=\"\" data-id=\"848\" data-link=\"http:\/\/mzhk.pl\/?attachment_id=848\" class=\"wp-image-848\" srcset=\"http:\/\/mzhk.pl\/wp-content\/uploads\/2021\/11\/20191117_083501.jpg 1024w, http:\/\/mzhk.pl\/wp-content\/uploads\/2021\/11\/20191117_083501-300x169.jpg 300w, http:\/\/mzhk.pl\/wp-content\/uploads\/2021\/11\/20191117_083501-768x432.jpg 768w, http:\/\/mzhk.pl\/wp-content\/uploads\/2021\/11\/20191117_083501-400x225.jpg 400w\" sizes=\"auto, (max-width: 1024px) 100vw, 1024px\" \/><figcaption>M<\/figcaption><\/figure><\/li><li class=\"blocks-gallery-item\"><figure><img loading=\"lazy\" decoding=\"async\" width=\"1024\" height=\"576\" src=\"http:\/\/mzhk.pl\/wp-content\/uploads\/2021\/11\/20191117_083514-1024x576.jpg\" alt=\"\" data-id=\"849\" data-link=\"http:\/\/mzhk.pl\/?attachment_id=849\" class=\"wp-image-849\" srcset=\"http:\/\/mzhk.pl\/wp-content\/uploads\/2021\/11\/20191117_083514.jpg 1024w, http:\/\/mzhk.pl\/wp-content\/uploads\/2021\/11\/20191117_083514-300x169.jpg 300w, http:\/\/mzhk.pl\/wp-content\/uploads\/2021\/11\/20191117_083514-768x432.jpg 768w, http:\/\/mzhk.pl\/wp-content\/uploads\/2021\/11\/20191117_083514-400x225.jpg 400w\" sizes=\"auto, (max-width: 1024px) 100vw, 1024px\" \/><figcaption>M<\/figcaption><\/figure><\/li><li class=\"blocks-gallery-item\"><figure><img loading=\"lazy\" decoding=\"async\" width=\"1024\" height=\"576\" src=\"http:\/\/mzhk.pl\/wp-content\/uploads\/2021\/11\/20191117_083543-1024x576.jpg\" alt=\"\" data-id=\"850\" data-link=\"http:\/\/mzhk.pl\/?attachment_id=850\" class=\"wp-image-850\" srcset=\"http:\/\/mzhk.pl\/wp-content\/uploads\/2021\/11\/20191117_083543.jpg 1024w, http:\/\/mzhk.pl\/wp-content\/uploads\/2021\/11\/20191117_083543-300x169.jpg 300w, http:\/\/mzhk.pl\/wp-content\/uploads\/2021\/11\/20191117_083543-768x432.jpg 768w, http:\/\/mzhk.pl\/wp-content\/uploads\/2021\/11\/20191117_083543-400x225.jpg 400w\" sizes=\"auto, (max-width: 1024px) 100vw, 1024px\" \/><figcaption>M<\/figcaption><\/figure><\/li><li class=\"blocks-gallery-item\"><figure><img loading=\"lazy\" decoding=\"async\" width=\"1024\" height=\"576\" src=\"http:\/\/mzhk.pl\/wp-content\/uploads\/2021\/11\/20191117_083620-1024x576.jpg\" alt=\"\" data-id=\"851\" data-link=\"http:\/\/mzhk.pl\/?attachment_id=851\" class=\"wp-image-851\" srcset=\"http:\/\/mzhk.pl\/wp-content\/uploads\/2021\/11\/20191117_083620.jpg 1024w, http:\/\/mzhk.pl\/wp-content\/uploads\/2021\/11\/20191117_083620-300x169.jpg 300w, http:\/\/mzhk.pl\/wp-content\/uploads\/2021\/11\/20191117_083620-768x432.jpg 768w, http:\/\/mzhk.pl\/wp-content\/uploads\/2021\/11\/20191117_083620-400x225.jpg 400w\" sizes=\"auto, (max-width: 1024px) 100vw, 1024px\" \/><figcaption>M<\/figcaption><\/figure><\/li><li class=\"blocks-gallery-item\"><figure><img loading=\"lazy\" decoding=\"async\" width=\"1024\" height=\"576\" src=\"http:\/\/mzhk.pl\/wp-content\/uploads\/2021\/11\/20191117_083708-1024x576.jpg\" alt=\"\" data-id=\"852\" data-link=\"http:\/\/mzhk.pl\/?attachment_id=852\" class=\"wp-image-852\" srcset=\"http:\/\/mzhk.pl\/wp-content\/uploads\/2021\/11\/20191117_083708.jpg 1024w, http:\/\/mzhk.pl\/wp-content\/uploads\/2021\/11\/20191117_083708-300x169.jpg 300w, http:\/\/mzhk.pl\/wp-content\/uploads\/2021\/11\/20191117_083708-768x432.jpg 768w, http:\/\/mzhk.pl\/wp-content\/uploads\/2021\/11\/20191117_083708-400x225.jpg 400w\" sizes=\"auto, (max-width: 1024px) 100vw, 1024px\" \/><figcaption>M<\/figcaption><\/figure><\/li><li class=\"blocks-gallery-item\"><figure><img loading=\"lazy\" decoding=\"async\" width=\"1024\" height=\"576\" src=\"http:\/\/mzhk.pl\/wp-content\/uploads\/2021\/11\/20191117_083725-1024x576.jpg\" alt=\"\" data-id=\"853\" data-link=\"http:\/\/mzhk.pl\/?attachment_id=853\" class=\"wp-image-853\" srcset=\"http:\/\/mzhk.pl\/wp-content\/uploads\/2021\/11\/20191117_083725.jpg 1024w, http:\/\/mzhk.pl\/wp-content\/uploads\/2021\/11\/20191117_083725-300x169.jpg 300w, http:\/\/mzhk.pl\/wp-content\/uploads\/2021\/11\/20191117_083725-768x432.jpg 768w, http:\/\/mzhk.pl\/wp-content\/uploads\/2021\/11\/20191117_083725-400x225.jpg 400w\" sizes=\"auto, (max-width: 1024px) 100vw, 1024px\" \/><figcaption>M<\/figcaption><\/figure><\/li><li class=\"blocks-gallery-item\"><figure><img loading=\"lazy\" decoding=\"async\" width=\"1024\" height=\"576\" src=\"http:\/\/mzhk.pl\/wp-content\/uploads\/2021\/11\/20191117_083741-1024x576.jpg\" alt=\"\" data-id=\"854\" data-link=\"http:\/\/mzhk.pl\/?attachment_id=854\" class=\"wp-image-854\" srcset=\"http:\/\/mzhk.pl\/wp-content\/uploads\/2021\/11\/20191117_083741.jpg 1024w, http:\/\/mzhk.pl\/wp-content\/uploads\/2021\/11\/20191117_083741-300x169.jpg 300w, http:\/\/mzhk.pl\/wp-content\/uploads\/2021\/11\/20191117_083741-768x432.jpg 768w, http:\/\/mzhk.pl\/wp-content\/uploads\/2021\/11\/20191117_083741-400x225.jpg 400w\" sizes=\"auto, (max-width: 1024px) 100vw, 1024px\" \/><figcaption>M<\/figcaption><\/figure><\/li><li class=\"blocks-gallery-item\"><figure><img loading=\"lazy\" decoding=\"async\" width=\"1024\" height=\"576\" src=\"http:\/\/mzhk.pl\/wp-content\/uploads\/2021\/11\/20191117_083806-1024x576.jpg\" alt=\"\" data-id=\"855\" data-link=\"http:\/\/mzhk.pl\/?attachment_id=855\" class=\"wp-image-855\" srcset=\"http:\/\/mzhk.pl\/wp-content\/uploads\/2021\/11\/20191117_083806.jpg 1024w, http:\/\/mzhk.pl\/wp-content\/uploads\/2021\/11\/20191117_083806-300x169.jpg 300w, http:\/\/mzhk.pl\/wp-content\/uploads\/2021\/11\/20191117_083806-768x432.jpg 768w, http:\/\/mzhk.pl\/wp-content\/uploads\/2021\/11\/20191117_083806-400x225.jpg 400w\" sizes=\"auto, (max-width: 1024px) 100vw, 1024px\" \/><figcaption>M<\/figcaption><\/figure><\/li><li class=\"blocks-gallery-item\"><figure><img loading=\"lazy\" decoding=\"async\" width=\"1024\" height=\"576\" src=\"http:\/\/mzhk.pl\/wp-content\/uploads\/2021\/11\/20191117_083821-1024x576.jpg\" alt=\"\" data-id=\"856\" data-link=\"http:\/\/mzhk.pl\/?attachment_id=856\" class=\"wp-image-856\" srcset=\"http:\/\/mzhk.pl\/wp-content\/uploads\/2021\/11\/20191117_083821.jpg 1024w, http:\/\/mzhk.pl\/wp-content\/uploads\/2021\/11\/20191117_083821-300x169.jpg 300w, http:\/\/mzhk.pl\/wp-content\/uploads\/2021\/11\/20191117_083821-768x432.jpg 768w, http:\/\/mzhk.pl\/wp-content\/uploads\/2021\/11\/20191117_083821-400x225.jpg 400w\" sizes=\"auto, (max-width: 1024px) 100vw, 1024px\" \/><figcaption>M<\/figcaption><\/figure><\/li><li class=\"blocks-gallery-item\"><figure><img loading=\"lazy\" decoding=\"async\" width=\"1024\" height=\"576\" src=\"http:\/\/mzhk.pl\/wp-content\/uploads\/2021\/11\/20191117_083831-1024x576.jpg\" alt=\"\" data-id=\"857\" data-link=\"http:\/\/mzhk.pl\/?attachment_id=857\" class=\"wp-image-857\" srcset=\"http:\/\/mzhk.pl\/wp-content\/uploads\/2021\/11\/20191117_083831.jpg 1024w, http:\/\/mzhk.pl\/wp-content\/uploads\/2021\/11\/20191117_083831-300x169.jpg 300w, http:\/\/mzhk.pl\/wp-content\/uploads\/2021\/11\/20191117_083831-768x432.jpg 768w, http:\/\/mzhk.pl\/wp-content\/uploads\/2021\/11\/20191117_083831-400x225.jpg 400w\" sizes=\"auto, (max-width: 1024px) 100vw, 1024px\" \/><figcaption>M<\/figcaption><\/figure><\/li><li class=\"blocks-gallery-item\"><figure><img loading=\"lazy\" decoding=\"async\" width=\"1024\" height=\"576\" src=\"http:\/\/mzhk.pl\/wp-content\/uploads\/2021\/11\/20191117_083846-1024x576.jpg\" alt=\"\" data-id=\"858\" data-link=\"http:\/\/mzhk.pl\/?attachment_id=858\" class=\"wp-image-858\" srcset=\"http:\/\/mzhk.pl\/wp-content\/uploads\/2021\/11\/20191117_083846.jpg 1024w, http:\/\/mzhk.pl\/wp-content\/uploads\/2021\/11\/20191117_083846-300x169.jpg 300w, http:\/\/mzhk.pl\/wp-content\/uploads\/2021\/11\/20191117_083846-768x432.jpg 768w, http:\/\/mzhk.pl\/wp-content\/uploads\/2021\/11\/20191117_083846-400x225.jpg 400w\" sizes=\"auto, (max-width: 1024px) 100vw, 1024px\" \/><figcaption>M<\/figcaption><\/figure><\/li><li class=\"blocks-gallery-item\"><figure><img loading=\"lazy\" decoding=\"async\" width=\"1024\" height=\"576\" src=\"http:\/\/mzhk.pl\/wp-content\/uploads\/2021\/11\/20191117_083901-1024x576.jpg\" alt=\"\" data-id=\"859\" data-link=\"http:\/\/mzhk.pl\/?attachment_id=859\" class=\"wp-image-859\" srcset=\"http:\/\/mzhk.pl\/wp-content\/uploads\/2021\/11\/20191117_083901.jpg 1024w, http:\/\/mzhk.pl\/wp-content\/uploads\/2021\/11\/20191117_083901-300x169.jpg 300w, http:\/\/mzhk.pl\/wp-content\/uploads\/2021\/11\/20191117_083901-768x432.jpg 768w, http:\/\/mzhk.pl\/wp-content\/uploads\/2021\/11\/20191117_083901-400x225.jpg 400w\" sizes=\"auto, (max-width: 1024px) 100vw, 1024px\" \/><figcaption>M<\/figcaption><\/figure><\/li><li class=\"blocks-gallery-item\"><figure><img loading=\"lazy\" decoding=\"async\" width=\"1024\" height=\"576\" src=\"http:\/\/mzhk.pl\/wp-content\/uploads\/2021\/11\/20191117_083912-1024x576.jpg\" alt=\"\" data-id=\"860\" data-link=\"http:\/\/mzhk.pl\/?attachment_id=860\" class=\"wp-image-860\" srcset=\"http:\/\/mzhk.pl\/wp-content\/uploads\/2021\/11\/20191117_083912.jpg 1024w, http:\/\/mzhk.pl\/wp-content\/uploads\/2021\/11\/20191117_083912-300x169.jpg 300w, http:\/\/mzhk.pl\/wp-content\/uploads\/2021\/11\/20191117_083912-768x432.jpg 768w, http:\/\/mzhk.pl\/wp-content\/uploads\/2021\/11\/20191117_083912-400x225.jpg 400w\" sizes=\"auto, (max-width: 1024px) 100vw, 1024px\" \/><figcaption>M<\/figcaption><\/figure><\/li><li class=\"blocks-gallery-item\"><figure><img loading=\"lazy\" decoding=\"async\" width=\"1024\" height=\"576\" src=\"http:\/\/mzhk.pl\/wp-content\/uploads\/2021\/11\/20191117_083919-1024x576.jpg\" alt=\"\" data-id=\"861\" data-link=\"http:\/\/mzhk.pl\/?attachment_id=861\" class=\"wp-image-861\" srcset=\"http:\/\/mzhk.pl\/wp-content\/uploads\/2021\/11\/20191117_083919.jpg 1024w, http:\/\/mzhk.pl\/wp-content\/uploads\/2021\/11\/20191117_083919-300x169.jpg 300w, http:\/\/mzhk.pl\/wp-content\/uploads\/2021\/11\/20191117_083919-768x432.jpg 768w, http:\/\/mzhk.pl\/wp-content\/uploads\/2021\/11\/20191117_083919-400x225.jpg 400w\" sizes=\"auto, (max-width: 1024px) 100vw, 1024px\" \/><figcaption>M<\/figcaption><\/figure><\/li><li class=\"blocks-gallery-item\"><figure><img loading=\"lazy\" decoding=\"async\" width=\"1024\" height=\"576\" src=\"http:\/\/mzhk.pl\/wp-content\/uploads\/2021\/11\/20191117_083938-1024x576.jpg\" alt=\"\" data-id=\"862\" data-link=\"http:\/\/mzhk.pl\/?attachment_id=862\" class=\"wp-image-862\" srcset=\"http:\/\/mzhk.pl\/wp-content\/uploads\/2021\/11\/20191117_083938.jpg 1024w, http:\/\/mzhk.pl\/wp-content\/uploads\/2021\/11\/20191117_083938-300x169.jpg 300w, http:\/\/mzhk.pl\/wp-content\/uploads\/2021\/11\/20191117_083938-768x432.jpg 768w, http:\/\/mzhk.pl\/wp-content\/uploads\/2021\/11\/20191117_083938-400x225.jpg 400w\" sizes=\"auto, (max-width: 1024px) 100vw, 1024px\" \/><figcaption>M<\/figcaption><\/figure><\/li><li class=\"blocks-gallery-item\"><figure><img loading=\"lazy\" decoding=\"async\" width=\"1024\" height=\"576\" src=\"http:\/\/mzhk.pl\/wp-content\/uploads\/2021\/11\/20191117_083953-1024x576.jpg\" alt=\"\" data-id=\"863\" data-link=\"http:\/\/mzhk.pl\/?attachment_id=863\" class=\"wp-image-863\" srcset=\"http:\/\/mzhk.pl\/wp-content\/uploads\/2021\/11\/20191117_083953.jpg 1024w, http:\/\/mzhk.pl\/wp-content\/uploads\/2021\/11\/20191117_083953-300x169.jpg 300w, http:\/\/mzhk.pl\/wp-content\/uploads\/2021\/11\/20191117_083953-768x432.jpg 768w, http:\/\/mzhk.pl\/wp-content\/uploads\/2021\/11\/20191117_083953-400x225.jpg 400w\" sizes=\"auto, (max-width: 1024px) 100vw, 1024px\" \/><figcaption>M<\/figcaption><\/figure><\/li><li class=\"blocks-gallery-item\"><figure><img loading=\"lazy\" decoding=\"async\" width=\"1024\" height=\"576\" src=\"http:\/\/mzhk.pl\/wp-content\/uploads\/2021\/11\/20191117_084007-1024x576.jpg\" alt=\"\" data-id=\"864\" data-link=\"http:\/\/mzhk.pl\/?attachment_id=864\" class=\"wp-image-864\" srcset=\"http:\/\/mzhk.pl\/wp-content\/uploads\/2021\/11\/20191117_084007.jpg 1024w, http:\/\/mzhk.pl\/wp-content\/uploads\/2021\/11\/20191117_084007-300x169.jpg 300w, http:\/\/mzhk.pl\/wp-content\/uploads\/2021\/11\/20191117_084007-768x432.jpg 768w, http:\/\/mzhk.pl\/wp-content\/uploads\/2021\/11\/20191117_084007-400x225.jpg 400w\" sizes=\"auto, (max-width: 1024px) 100vw, 1024px\" \/><figcaption>M<\/figcaption><\/figure><\/li><li class=\"blocks-gallery-item\"><figure><img loading=\"lazy\" decoding=\"async\" width=\"1024\" height=\"576\" src=\"http:\/\/mzhk.pl\/wp-content\/uploads\/2021\/11\/20191117_084013-1024x576.jpg\" alt=\"\" data-id=\"865\" data-link=\"http:\/\/mzhk.pl\/?attachment_id=865\" class=\"wp-image-865\" srcset=\"http:\/\/mzhk.pl\/wp-content\/uploads\/2021\/11\/20191117_084013.jpg 1024w, http:\/\/mzhk.pl\/wp-content\/uploads\/2021\/11\/20191117_084013-300x169.jpg 300w, http:\/\/mzhk.pl\/wp-content\/uploads\/2021\/11\/20191117_084013-768x432.jpg 768w, http:\/\/mzhk.pl\/wp-content\/uploads\/2021\/11\/20191117_084013-400x225.jpg 400w\" sizes=\"auto, (max-width: 1024px) 100vw, 1024px\" \/><figcaption>M<\/figcaption><\/figure><\/li><li class=\"blocks-gallery-item\"><figure><img loading=\"lazy\" decoding=\"async\" width=\"1024\" height=\"576\" src=\"http:\/\/mzhk.pl\/wp-content\/uploads\/2021\/11\/20191117_084116-1024x576.jpg\" alt=\"\" data-id=\"866\" data-link=\"http:\/\/mzhk.pl\/?attachment_id=866\" class=\"wp-image-866\" srcset=\"http:\/\/mzhk.pl\/wp-content\/uploads\/2021\/11\/20191117_084116.jpg 1024w, http:\/\/mzhk.pl\/wp-content\/uploads\/2021\/11\/20191117_084116-300x169.jpg 300w, http:\/\/mzhk.pl\/wp-content\/uploads\/2021\/11\/20191117_084116-768x432.jpg 768w, http:\/\/mzhk.pl\/wp-content\/uploads\/2021\/11\/20191117_084116-400x225.jpg 400w\" sizes=\"auto, (max-width: 1024px) 100vw, 1024px\" \/><figcaption>M<\/figcaption><\/figure><\/li><li class=\"blocks-gallery-item\"><figure><img loading=\"lazy\" decoding=\"async\" width=\"1024\" height=\"576\" src=\"http:\/\/mzhk.pl\/wp-content\/uploads\/2021\/11\/20191117_084141-1024x576.jpg\" alt=\"\" data-id=\"867\" data-link=\"http:\/\/mzhk.pl\/?attachment_id=867\" class=\"wp-image-867\" srcset=\"http:\/\/mzhk.pl\/wp-content\/uploads\/2021\/11\/20191117_084141.jpg 1024w, http:\/\/mzhk.pl\/wp-content\/uploads\/2021\/11\/20191117_084141-300x169.jpg 300w, http:\/\/mzhk.pl\/wp-content\/uploads\/2021\/11\/20191117_084141-768x432.jpg 768w, http:\/\/mzhk.pl\/wp-content\/uploads\/2021\/11\/20191117_084141-400x225.jpg 400w\" sizes=\"auto, (max-width: 1024px) 100vw, 1024px\" \/><figcaption>M<\/figcaption><\/figure><\/li><li class=\"blocks-gallery-item\"><figure><img loading=\"lazy\" decoding=\"async\" width=\"1024\" height=\"576\" src=\"http:\/\/mzhk.pl\/wp-content\/uploads\/2021\/11\/20191117_084201-1024x576.jpg\" alt=\"\" data-id=\"868\" data-link=\"http:\/\/mzhk.pl\/?attachment_id=868\" class=\"wp-image-868\" srcset=\"http:\/\/mzhk.pl\/wp-content\/uploads\/2021\/11\/20191117_084201.jpg 1024w, http:\/\/mzhk.pl\/wp-content\/uploads\/2021\/11\/20191117_084201-300x169.jpg 300w, http:\/\/mzhk.pl\/wp-content\/uploads\/2021\/11\/20191117_084201-768x432.jpg 768w, http:\/\/mzhk.pl\/wp-content\/uploads\/2021\/11\/20191117_084201-400x225.jpg 400w\" sizes=\"auto, (max-width: 1024px) 100vw, 1024px\" \/><figcaption>M<\/figcaption><\/figure><\/li><li class=\"blocks-gallery-item\"><figure><img loading=\"lazy\" decoding=\"async\" width=\"1024\" height=\"576\" src=\"http:\/\/mzhk.pl\/wp-content\/uploads\/2021\/11\/20191117_084229-1024x576.jpg\" alt=\"\" data-id=\"869\" data-link=\"http:\/\/mzhk.pl\/?attachment_id=869\" class=\"wp-image-869\" srcset=\"http:\/\/mzhk.pl\/wp-content\/uploads\/2021\/11\/20191117_084229.jpg 1024w, http:\/\/mzhk.pl\/wp-content\/uploads\/2021\/11\/20191117_084229-300x169.jpg 300w, http:\/\/mzhk.pl\/wp-content\/uploads\/2021\/11\/20191117_084229-768x432.jpg 768w, http:\/\/mzhk.pl\/wp-content\/uploads\/2021\/11\/20191117_084229-400x225.jpg 400w\" sizes=\"auto, (max-width: 1024px) 100vw, 1024px\" \/><figcaption>M<\/figcaption><\/figure><\/li><li class=\"blocks-gallery-item\"><figure><img loading=\"lazy\" decoding=\"async\" width=\"1024\" height=\"576\" src=\"http:\/\/mzhk.pl\/wp-content\/uploads\/2021\/11\/20191117_084341-1024x576.jpg\" alt=\"\" data-id=\"870\" data-link=\"http:\/\/mzhk.pl\/?attachment_id=870\" class=\"wp-image-870\" srcset=\"http:\/\/mzhk.pl\/wp-content\/uploads\/2021\/11\/20191117_084341.jpg 1024w, http:\/\/mzhk.pl\/wp-content\/uploads\/2021\/11\/20191117_084341-300x169.jpg 300w, http:\/\/mzhk.pl\/wp-content\/uploads\/2021\/11\/20191117_084341-768x432.jpg 768w, http:\/\/mzhk.pl\/wp-content\/uploads\/2021\/11\/20191117_084341-400x225.jpg 400w\" sizes=\"auto, (max-width: 1024px) 100vw, 1024px\" \/><figcaption>M<\/figcaption><\/figure><\/li><li class=\"blocks-gallery-item\"><figure><img loading=\"lazy\" decoding=\"async\" width=\"1024\" height=\"576\" src=\"http:\/\/mzhk.pl\/wp-content\/uploads\/2021\/11\/20191117_111955-1024x576.jpg\" alt=\"\" data-id=\"871\" data-link=\"http:\/\/mzhk.pl\/?attachment_id=871\" class=\"wp-image-871\" srcset=\"http:\/\/mzhk.pl\/wp-content\/uploads\/2021\/11\/20191117_111955.jpg 1024w, http:\/\/mzhk.pl\/wp-content\/uploads\/2021\/11\/20191117_111955-300x169.jpg 300w, http:\/\/mzhk.pl\/wp-content\/uploads\/2021\/11\/20191117_111955-768x432.jpg 768w, http:\/\/mzhk.pl\/wp-content\/uploads\/2021\/11\/20191117_111955-400x225.jpg 400w\" sizes=\"auto, (max-width: 1024px) 100vw, 1024px\" \/><figcaption>M<\/figcaption><\/figure><\/li><li class=\"blocks-gallery-item\"><figure><img loading=\"lazy\" decoding=\"async\" width=\"1024\" height=\"576\" src=\"http:\/\/mzhk.pl\/wp-content\/uploads\/2021\/11\/20191117_112014-1024x576.jpg\" alt=\"\" data-id=\"872\" data-link=\"http:\/\/mzhk.pl\/?attachment_id=872\" class=\"wp-image-872\" srcset=\"http:\/\/mzhk.pl\/wp-content\/uploads\/2021\/11\/20191117_112014.jpg 1024w, http:\/\/mzhk.pl\/wp-content\/uploads\/2021\/11\/20191117_112014-300x169.jpg 300w, http:\/\/mzhk.pl\/wp-content\/uploads\/2021\/11\/20191117_112014-768x432.jpg 768w, http:\/\/mzhk.pl\/wp-content\/uploads\/2021\/11\/20191117_112014-400x225.jpg 400w\" sizes=\"auto, (max-width: 1024px) 100vw, 1024px\" \/><figcaption>M<\/figcaption><\/figure><\/li><\/ul>\n","protected":false},"excerpt":{"rendered":"<p>W dniach 16-17 listopada 2019 r odby\u0142a si\u0119 w Broniszach IX Mazowiecka Wystawa Kr\u00f3lik\u00f3w Rasowych. W wystawie wzi\u0119\u0142o udzia\u0142 91 hodowc\u00f3w , kt\u00f3rzy wystawili 749 kr\u00f3lik\u00f3w w 46 rasach. Chcieliby\u015bmy przekaza\u0107 podzi\u0119kowania dla Wystawc\u00f3w, bo tylko dzi\u0119ki Waszemu zaanga\u017cowaniu, solidno\u015bci i rzetelno\u015bci uda\u0142o nam si\u0119 zorganizowa\u0107 t\u0105 Wystaw\u0119 W V Turnieju w rasie Wielki Jasnosrebrzysty&hellip; <br \/> <a class=\"button small blue\" href=\"http:\/\/mzhk.pl\/?page_id=844\">Dowiedz si\u0119 wi\u0119cej<\/a><\/p>\n","protected":false},"author":1,"featured_media":0,"parent":139,"menu_order":2,"comment_status":"closed","ping_status":"closed","template":"","meta":{"footnotes":""},"class_list":["post-844","page","type-page","status-publish","hentry"],"_links":{"self":[{"href":"http:\/\/mzhk.pl\/index.php?rest_route=\/wp\/v2\/pages\/844","targetHints":{"allow":["GET"]}}],"collection":[{"href":"http:\/\/mzhk.pl\/index.php?rest_route=\/wp\/v2\/pages"}],"about":[{"href":"http:\/\/mzhk.pl\/index.php?rest_route=\/wp\/v2\/types\/page"}],"author":[{"embeddable":true,"href":"http:\/\/mzhk.pl\/index.php?rest_route=\/wp\/v2\/users\/1"}],"replies":[{"embeddable":true,"href":"http:\/\/mzhk.pl\/index.php?rest_route=%2Fwp%2Fv2%2Fcomments&post=844"}],"version-history":[{"count":1,"href":"http:\/\/mzhk.pl\/index.php?rest_route=\/wp\/v2\/pages\/844\/revisions"}],"predecessor-version":[{"id":873,"href":"http:\/\/mzhk.pl\/index.php?rest_route=\/wp\/v2\/pages\/844\/revisions\/873"}],"up":[{"embeddable":true,"href":"http:\/\/mzhk.pl\/index.php?rest_route=\/wp\/v2\/pages\/139"}],"wp:attachment":[{"href":"http:\/\/mzhk.pl\/index.php?rest_route=%2Fwp%2Fv2%2Fmedia&parent=844"}],"curies":[{"name":"wp","href":"https:\/\/api.w.org\/{rel}","templated":true}]}}