{"id":57,"date":"2018-05-30T10:11:30","date_gmt":"2018-05-30T08:11:30","guid":{"rendered":"http:\/\/mzhk.pl\/?page_id=57"},"modified":"2019-12-04T14:41:07","modified_gmt":"2019-12-04T13:41:07","slug":"kontakt","status":"publish","type":"page","link":"http:\/\/mzhk.pl\/?page_id=57","title":{"rendered":"Kontakt"},"content":{"rendered":"<p>Wszelkie Korespondencje Prosimy Wysy\u0142a\u0107 na Adres Prezesa :<\/p>\n<p>Miros\u0142aw Kantek<\/p>\n<p>Chro\u015bla<\/p>\n<p>Ul. \u017bwirowa 12A<\/p>\n<p>05-311 D\u0119be Wielkie<\/p>\n<p>DANE ZWI\u0104ZKU DO FV<\/p>\n<p>MAZOWIECKI ZWI\u0104ZEK HODOWC\u00d3W KR\u00d3LIK\u00d3W I DROBNEGO INWENTARZA<\/p>\n<p><span class=\"text_exposed_show\">UL. 3-GO MAJA 2 05-340 KO\u0141BIEL<\/span><\/p>\n<p>NIP: 5322014393<\/p>\n<p>Numer konta:<br \/>\n02 2030 0045 1110 0000 0256 4070<br \/>\n<span class=\"text_exposed_show\">UL. 3-GO MAJA 2 05-340 KO\u0141BIEL<\/span><\/p>\n<p>EMAIL -: mzhkidi@onet.pl<\/p>\n","protected":false},"excerpt":{"rendered":"<p>Wszelkie Korespondencje Prosimy Wysy\u0142a\u0107 na Adres Prezesa : Miros\u0142aw Kantek Chro\u015bla Ul. \u017bwirowa 12A 05-311 D\u0119be Wielkie DANE ZWI\u0104ZKU DO FV MAZOWIECKI ZWI\u0104ZEK HODOWC\u00d3W KR\u00d3LIK\u00d3W I DROBNEGO INWENTARZA UL. 3-GO MAJA 2 05-340 KO\u0141BIEL NIP: 5322014393 Numer konta: 02 2030 0045 1110 0000 0256 4070 UL. 3-GO MAJA 2 05-340 KO\u0141BIEL EMAIL -: mzhkidi@onet.pl<\/p>\n","protected":false},"author":1,"featured_media":0,"parent":0,"menu_order":0,"comment_status":"closed","ping_status":"closed","template":"","meta":{"footnotes":""},"class_list":["post-57","page","type-page","status-publish","hentry"],"_links":{"self":[{"href":"http:\/\/mzhk.pl\/index.php?rest_route=\/wp\/v2\/pages\/57","targetHints":{"allow":["GET"]}}],"collection":[{"href":"http:\/\/mzhk.pl\/index.php?rest_route=\/wp\/v2\/pages"}],"about":[{"href":"http:\/\/mzhk.pl\/index.php?rest_route=\/wp\/v2\/types\/page"}],"author":[{"embeddable":true,"href":"http:\/\/mzhk.pl\/index.php?rest_route=\/wp\/v2\/users\/1"}],"replies":[{"embeddable":true,"href":"http:\/\/mzhk.pl\/index.php?rest_route=%2Fwp%2Fv2%2Fcomments&post=57"}],"version-history":[{"count":3,"href":"http:\/\/mzhk.pl\/index.php?rest_route=\/wp\/v2\/pages\/57\/revisions"}],"predecessor-version":[{"id":707,"href":"http:\/\/mzhk.pl\/index.php?rest_route=\/wp\/v2\/pages\/57\/revisions\/707"}],"wp:attachment":[{"href":"http:\/\/mzhk.pl\/index.php?rest_route=%2Fwp%2Fv2%2Fmedia&parent=57"}],"curies":[{"name":"wp","href":"https:\/\/api.w.org\/{rel}","templated":true}]}}