{"id":499,"date":"2018-10-01T15:19:31","date_gmt":"2018-10-01T13:19:31","guid":{"rendered":"http:\/\/mzhk.pl\/?page_id=499"},"modified":"2018-10-01T15:25:42","modified_gmt":"2018-10-01T13:25:42","slug":"siedlce-2018","status":"publish","type":"page","link":"http:\/\/mzhk.pl\/?page_id=499","title":{"rendered":"Siedlce 2018"},"content":{"rendered":"<p class=\"subject\"><span class=\"subject-box\"><span id=\"readmail-subject\" class=\"readmail-subject\" title=\"XXV Mi\u0119dzynarodowe Dni z Doradztwem Rolniczym, XIV Regionalna Wystawa Zwierz\u0105t Hodowlanych w Siedlcach 2018- zdj\u0119cia\">XXV Mi\u0119dzynarodowe Dni z Doradztwem Rolniczym, XIV Regionalna Wystawa Zwierz\u0105t Hodowlanych w Siedlcach 2018<\/span><\/span><\/p>\n<p>Witamy Nasi koledzy Na pokazie Siedce :<\/p>\n<p>Jarek Kluska , Pawe\u0142 Chiczewski , Edward Chrostowski,Orzo\u0142ek Micha\u0142,Zych Sylwester<\/p>\n\n\t\t<style type=\"text\/css\">\n\t\t\t#gallery-1 {\n\t\t\t\tmargin: auto;\n\t\t\t}\n\t\t\t#gallery-1 .gallery-item {\n\t\t\t\tfloat: left;\n\t\t\t\tmargin-top: 10px;\n\t\t\t\ttext-align: center;\n\t\t\t\twidth: 25%;\n\t\t\t}\n\t\t\t#gallery-1 img {\n\t\t\t\tborder: 2px solid #cfcfcf;\n\t\t\t}\n\t\t\t#gallery-1 .gallery-caption {\n\t\t\t\tmargin-left: 0;\n\t\t\t}\n\t\t\t\/* see gallery_shortcode() in wp-includes\/media.php *\/\n\t\t<\/style>\n\t\t<div id='gallery-1' class='gallery galleryid-499 gallery-columns-4 gallery-size-medium'><dl class='gallery-item'>\n\t\t\t<dt class='gallery-icon landscape'>\n\t\t\t\t<a href='http:\/\/mzhk.pl\/?attachment_id=493'><img loading=\"lazy\" decoding=\"async\" width=\"300\" height=\"225\" src=\"http:\/\/mzhk.pl\/wp-content\/uploads\/2018\/10\/siedlce-2018.10-300x225.jpg\" class=\"attachment-medium size-medium\" alt=\"\" srcset=\"http:\/\/mzhk.pl\/wp-content\/uploads\/2018\/10\/siedlce-2018.10-300x225.jpg 300w, http:\/\/mzhk.pl\/wp-content\/uploads\/2018\/10\/siedlce-2018.10-768x576.jpg 768w, http:\/\/mzhk.pl\/wp-content\/uploads\/2018\/10\/siedlce-2018.10-1024x768.jpg 1024w, http:\/\/mzhk.pl\/wp-content\/uploads\/2018\/10\/siedlce-2018.10-400x300.jpg 400w\" sizes=\"auto, (max-width: 300px) 100vw, 300px\" \/><\/a>\n\t\t\t<\/dt><\/dl><dl class='gallery-item'>\n\t\t\t<dt class='gallery-icon landscape'>\n\t\t\t\t<a href='http:\/\/mzhk.pl\/?attachment_id=492'><img loading=\"lazy\" decoding=\"async\" width=\"300\" height=\"225\" src=\"http:\/\/mzhk.pl\/wp-content\/uploads\/2018\/10\/siedlce-2018.09-300x225.jpg\" class=\"attachment-medium size-medium\" alt=\"\" srcset=\"http:\/\/mzhk.pl\/wp-content\/uploads\/2018\/10\/siedlce-2018.09-300x225.jpg 300w, http:\/\/mzhk.pl\/wp-content\/uploads\/2018\/10\/siedlce-2018.09-768x576.jpg 768w, http:\/\/mzhk.pl\/wp-content\/uploads\/2018\/10\/siedlce-2018.09-1024x768.jpg 1024w, http:\/\/mzhk.pl\/wp-content\/uploads\/2018\/10\/siedlce-2018.09-400x300.jpg 400w\" sizes=\"auto, (max-width: 300px) 100vw, 300px\" \/><\/a>\n\t\t\t<\/dt><\/dl><dl class='gallery-item'>\n\t\t\t<dt class='gallery-icon portrait'>\n\t\t\t\t<a href='http:\/\/mzhk.pl\/?attachment_id=491'><img loading=\"lazy\" decoding=\"async\" width=\"225\" height=\"300\" src=\"http:\/\/mzhk.pl\/wp-content\/uploads\/2018\/10\/siedlce-2018.08-225x300.jpg\" class=\"attachment-medium size-medium\" alt=\"\" srcset=\"http:\/\/mzhk.pl\/wp-content\/uploads\/2018\/10\/siedlce-2018.08-225x300.jpg 225w, http:\/\/mzhk.pl\/wp-content\/uploads\/2018\/10\/siedlce-2018.08-768x1024.jpg 768w\" sizes=\"auto, (max-width: 225px) 100vw, 225px\" \/><\/a>\n\t\t\t<\/dt><\/dl><dl class='gallery-item'>\n\t\t\t<dt class='gallery-icon landscape'>\n\t\t\t\t<a href='http:\/\/mzhk.pl\/?attachment_id=490'><img loading=\"lazy\" decoding=\"async\" width=\"300\" height=\"225\" src=\"http:\/\/mzhk.pl\/wp-content\/uploads\/2018\/10\/siedlce-2018.07-300x225.jpg\" class=\"attachment-medium size-medium\" alt=\"\" srcset=\"http:\/\/mzhk.pl\/wp-content\/uploads\/2018\/10\/siedlce-2018.07-300x225.jpg 300w, http:\/\/mzhk.pl\/wp-content\/uploads\/2018\/10\/siedlce-2018.07-768x576.jpg 768w, http:\/\/mzhk.pl\/wp-content\/uploads\/2018\/10\/siedlce-2018.07-1024x768.jpg 1024w, http:\/\/mzhk.pl\/wp-content\/uploads\/2018\/10\/siedlce-2018.07-400x300.jpg 400w\" sizes=\"auto, (max-width: 300px) 100vw, 300px\" \/><\/a>\n\t\t\t<\/dt><\/dl><br style=\"clear: both\" \/><dl class='gallery-item'>\n\t\t\t<dt class='gallery-icon landscape'>\n\t\t\t\t<a href='http:\/\/mzhk.pl\/?attachment_id=489'><img loading=\"lazy\" decoding=\"async\" width=\"300\" height=\"225\" src=\"http:\/\/mzhk.pl\/wp-content\/uploads\/2018\/10\/siedlce-2018.06-300x225.jpg\" class=\"attachment-medium size-medium\" alt=\"\" srcset=\"http:\/\/mzhk.pl\/wp-content\/uploads\/2018\/10\/siedlce-2018.06-300x225.jpg 300w, http:\/\/mzhk.pl\/wp-content\/uploads\/2018\/10\/siedlce-2018.06-768x576.jpg 768w, http:\/\/mzhk.pl\/wp-content\/uploads\/2018\/10\/siedlce-2018.06-1024x768.jpg 1024w, http:\/\/mzhk.pl\/wp-content\/uploads\/2018\/10\/siedlce-2018.06-400x300.jpg 400w\" sizes=\"auto, (max-width: 300px) 100vw, 300px\" \/><\/a>\n\t\t\t<\/dt><\/dl><dl class='gallery-item'>\n\t\t\t<dt class='gallery-icon portrait'>\n\t\t\t\t<a href='http:\/\/mzhk.pl\/?attachment_id=488'><img loading=\"lazy\" decoding=\"async\" width=\"225\" height=\"300\" src=\"http:\/\/mzhk.pl\/wp-content\/uploads\/2018\/10\/siedlce-2018.05-225x300.jpg\" class=\"attachment-medium size-medium\" alt=\"\" srcset=\"http:\/\/mzhk.pl\/wp-content\/uploads\/2018\/10\/siedlce-2018.05-225x300.jpg 225w, http:\/\/mzhk.pl\/wp-content\/uploads\/2018\/10\/siedlce-2018.05-768x1024.jpg 768w\" sizes=\"auto, (max-width: 225px) 100vw, 225px\" \/><\/a>\n\t\t\t<\/dt><\/dl><dl class='gallery-item'>\n\t\t\t<dt class='gallery-icon landscape'>\n\t\t\t\t<a href='http:\/\/mzhk.pl\/?attachment_id=487'><img loading=\"lazy\" decoding=\"async\" width=\"300\" height=\"225\" src=\"http:\/\/mzhk.pl\/wp-content\/uploads\/2018\/10\/siedlce-2018.04-300x225.jpg\" class=\"attachment-medium size-medium\" alt=\"\" srcset=\"http:\/\/mzhk.pl\/wp-content\/uploads\/2018\/10\/siedlce-2018.04-300x225.jpg 300w, http:\/\/mzhk.pl\/wp-content\/uploads\/2018\/10\/siedlce-2018.04-768x576.jpg 768w, http:\/\/mzhk.pl\/wp-content\/uploads\/2018\/10\/siedlce-2018.04-1024x768.jpg 1024w, http:\/\/mzhk.pl\/wp-content\/uploads\/2018\/10\/siedlce-2018.04-400x300.jpg 400w\" sizes=\"auto, (max-width: 300px) 100vw, 300px\" \/><\/a>\n\t\t\t<\/dt><\/dl><dl class='gallery-item'>\n\t\t\t<dt class='gallery-icon landscape'>\n\t\t\t\t<a href='http:\/\/mzhk.pl\/?attachment_id=486'><img loading=\"lazy\" decoding=\"async\" width=\"300\" height=\"225\" src=\"http:\/\/mzhk.pl\/wp-content\/uploads\/2018\/10\/siedlce-2018.03-300x225.jpg\" class=\"attachment-medium size-medium\" alt=\"\" srcset=\"http:\/\/mzhk.pl\/wp-content\/uploads\/2018\/10\/siedlce-2018.03-300x225.jpg 300w, http:\/\/mzhk.pl\/wp-content\/uploads\/2018\/10\/siedlce-2018.03-768x576.jpg 768w, http:\/\/mzhk.pl\/wp-content\/uploads\/2018\/10\/siedlce-2018.03-1024x768.jpg 1024w, http:\/\/mzhk.pl\/wp-content\/uploads\/2018\/10\/siedlce-2018.03-400x300.jpg 400w\" sizes=\"auto, (max-width: 300px) 100vw, 300px\" \/><\/a>\n\t\t\t<\/dt><\/dl><br style=\"clear: both\" \/><dl class='gallery-item'>\n\t\t\t<dt class='gallery-icon landscape'>\n\t\t\t\t<a href='http:\/\/mzhk.pl\/?attachment_id=485'><img loading=\"lazy\" decoding=\"async\" width=\"300\" height=\"225\" src=\"http:\/\/mzhk.pl\/wp-content\/uploads\/2018\/10\/siedlce-2018.02-300x225.jpg\" class=\"attachment-medium size-medium\" alt=\"\" srcset=\"http:\/\/mzhk.pl\/wp-content\/uploads\/2018\/10\/siedlce-2018.02-300x225.jpg 300w, http:\/\/mzhk.pl\/wp-content\/uploads\/2018\/10\/siedlce-2018.02-768x576.jpg 768w, http:\/\/mzhk.pl\/wp-content\/uploads\/2018\/10\/siedlce-2018.02-1024x768.jpg 1024w, http:\/\/mzhk.pl\/wp-content\/uploads\/2018\/10\/siedlce-2018.02-400x300.jpg 400w\" sizes=\"auto, (max-width: 300px) 100vw, 300px\" \/><\/a>\n\t\t\t<\/dt><\/dl><dl class='gallery-item'>\n\t\t\t<dt class='gallery-icon portrait'>\n\t\t\t\t<a href='http:\/\/mzhk.pl\/?attachment_id=484'><img loading=\"lazy\" decoding=\"async\" width=\"225\" height=\"300\" src=\"http:\/\/mzhk.pl\/wp-content\/uploads\/2018\/10\/siedlce-2018.01-225x300.jpg\" class=\"attachment-medium size-medium\" alt=\"\" srcset=\"http:\/\/mzhk.pl\/wp-content\/uploads\/2018\/10\/siedlce-2018.01-225x300.jpg 225w, http:\/\/mzhk.pl\/wp-content\/uploads\/2018\/10\/siedlce-2018.01-768x1024.jpg 768w\" sizes=\"auto, (max-width: 225px) 100vw, 225px\" \/><\/a>\n\t\t\t<\/dt><\/dl>\n\t\t\t<br style='clear: both' \/>\n\t\t<\/div>\n\n","protected":false},"excerpt":{"rendered":"<p>XXV Mi\u0119dzynarodowe Dni z Doradztwem Rolniczym, XIV Regionalna Wystawa Zwierz\u0105t Hodowlanych w Siedlcach 2018 Witamy Nasi koledzy Na pokazie Siedce : Jarek Kluska , Pawe\u0142 Chiczewski , Edward Chrostowski,Orzo\u0142ek Micha\u0142,Zych Sylwester<\/p>\n","protected":false},"author":1,"featured_media":492,"parent":139,"menu_order":4,"comment_status":"closed","ping_status":"closed","template":"","meta":{"footnotes":""},"class_list":["post-499","page","type-page","status-publish","has-post-thumbnail","hentry"],"_links":{"self":[{"href":"http:\/\/mzhk.pl\/index.php?rest_route=\/wp\/v2\/pages\/499","targetHints":{"allow":["GET"]}}],"collection":[{"href":"http:\/\/mzhk.pl\/index.php?rest_route=\/wp\/v2\/pages"}],"about":[{"href":"http:\/\/mzhk.pl\/index.php?rest_route=\/wp\/v2\/types\/page"}],"author":[{"embeddable":true,"href":"http:\/\/mzhk.pl\/index.php?rest_route=\/wp\/v2\/users\/1"}],"replies":[{"embeddable":true,"href":"http:\/\/mzhk.pl\/index.php?rest_route=%2Fwp%2Fv2%2Fcomments&post=499"}],"version-history":[{"count":2,"href":"http:\/\/mzhk.pl\/index.php?rest_route=\/wp\/v2\/pages\/499\/revisions"}],"predecessor-version":[{"id":502,"href":"http:\/\/mzhk.pl\/index.php?rest_route=\/wp\/v2\/pages\/499\/revisions\/502"}],"up":[{"embeddable":true,"href":"http:\/\/mzhk.pl\/index.php?rest_route=\/wp\/v2\/pages\/139"}],"wp:featuredmedia":[{"embeddable":true,"href":"http:\/\/mzhk.pl\/index.php?rest_route=\/wp\/v2\/media\/492"}],"wp:attachment":[{"href":"http:\/\/mzhk.pl\/index.php?rest_route=%2Fwp%2Fv2%2Fmedia&parent=499"}],"curies":[{"name":"wp","href":"https:\/\/api.w.org\/{rel}","templated":true}]}}