{"id":45,"date":"2018-05-30T09:37:57","date_gmt":"2018-05-30T07:37:57","guid":{"rendered":"http:\/\/mzhk.pl\/?page_id=45"},"modified":"2025-06-05T10:50:23","modified_gmt":"2025-06-05T08:50:23","slug":"wladze-zwiazku","status":"publish","type":"page","link":"http:\/\/mzhk.pl\/?page_id=45","title":{"rendered":"W\u0142adze Zwi\u0105zku"},"content":{"rendered":"<p><strong>W\u0142adzami Zwi\u0105zku s\u0105:\u00a0\u00a0\u00a0\u00a0\u00a0\u00a0\u00a0\u00a0\u00a0\u00a0\u00a0\u00a0\u00a0\u00a0\u00a0\u00a0\u00a0\u00a0<\/strong><\/p>\n<p><strong>1)\u00a0 Walne zebranie<\/strong><br \/>\n<strong>\u00a02)\u00a0 Zebranie zwyk\u0142e<\/strong><strong><br \/>\n<\/strong><strong>3)\u00a0 Zarz\u0105d <\/strong><strong><br \/>\n<\/strong><strong>4)\u00a0 Komisja Rewizyjna<\/strong><strong><br \/>\n<\/strong><strong>5)\u00a0 S\u0105d Kole\u017ce\u0144ski<\/strong><\/p>\n<table width=\"533\">\n<tbody>\n<tr>\n<td><strong><u>ZARZ\u0104D<\/u><\/strong>Kantek Miros\u0142aw \u00a0 &#8211; Prezes Zarz\u0105du\u00a0\u00a0 604 598 997<\/p>\n<p>Sosnowski Jan \u00a0 &#8211; Vice Prezes\u00a0 790 330 515<\/p>\n<p>Burkacki Jacek \u00a0\u00a0 &#8211; Skarbnik\u00a0 604603976\u00a0 Rejestrator<\/p>\n<p>Grabowski Andrzej \u00a0\u00a0 &#8211; Sekretarz 799 159 791<\/td>\n<\/tr>\n<tr>\n<td><strong><br \/>\n<\/strong><strong><u>KOMISJA REWIZYJNA:<\/u><\/strong>Chrostowski Edward \u00a0 &#8211;\u00a0 Przewodnicz\u0105cy<\/p>\n<p>Zych Sylwester &#8211;\u00a0 Sekretarz<\/p>\n<p>Gryta Tadeusz-\u00a0 Cz\u0142onek<\/td>\n<\/tr>\n<tr>\n<td><strong><br \/>\n<\/strong><strong><u>S\u0104D KOLE\u017bE\u0143SKI<\/u><\/strong><\/td>\n<\/tr>\n<\/tbody>\n<\/table>\n<table style=\"height: 195px;\" width=\"534\">\n<tbody>\n<tr>\n<td>Zaboklicki Artur &#8211; Przewodnicz\u0105cyMakos Tadeusz &#8211;\u00a0 Cz\u0142onek<\/p>\n<p>Skiba Rafa\u0142\u00a0 &#8211;\u00a0 Cz\u0142onek<\/td>\n<\/tr>\n<tr>\n<td><strong><em>Kadencja Zarz\u0105du, Komisji Rewizyjnej i S\u0105du Kole\u017ce\u0144skiego<\/em><\/strong><strong><em>trwa 4 lata.<\/em><\/strong><\/p>\n<p><strong><u>\u00a0<\/u><\/strong><\/td>\n<\/tr>\n<tr>\n<td><strong><u>Strona Internetowa :Przemys\u0142aw \u0141\u0105tka\u00a0 600-891-133<\/u><\/strong><\/td>\n<\/tr>\n<\/tbody>\n<\/table>\n<p><strong><em>\u00a0<\/em><\/strong><\/p>\n","protected":false},"excerpt":{"rendered":"<p>W\u0142adzami Zwi\u0105zku s\u0105:\u00a0\u00a0\u00a0\u00a0\u00a0\u00a0\u00a0\u00a0\u00a0\u00a0\u00a0\u00a0\u00a0\u00a0\u00a0\u00a0\u00a0\u00a0 1)\u00a0 Walne zebranie \u00a02)\u00a0 Zebranie zwyk\u0142e 3)\u00a0 Zarz\u0105d 4)\u00a0 Komisja Rewizyjna 5)\u00a0 S\u0105d Kole\u017ce\u0144ski ZARZ\u0104DKantek Miros\u0142aw \u00a0 &#8211; Prezes Zarz\u0105du\u00a0\u00a0 604 598 997 Sosnowski Jan \u00a0 &#8211; Vice Prezes\u00a0 790 330 515 Burkacki Jacek \u00a0\u00a0 &#8211; Skarbnik\u00a0 604603976\u00a0 Rejestrator Grabowski Andrzej \u00a0\u00a0 &#8211; Sekretarz 799 159 791 KOMISJA REWIZYJNA:Chrostowski Edward \u00a0 &#8211;\u00a0&hellip; <br \/> <a class=\"button small blue\" href=\"http:\/\/mzhk.pl\/?page_id=45\">Dowiedz si\u0119 wi\u0119cej<\/a><\/p>\n","protected":false},"author":1,"featured_media":0,"parent":0,"menu_order":0,"comment_status":"closed","ping_status":"closed","template":"","meta":{"footnotes":""},"class_list":["post-45","page","type-page","status-publish","hentry"],"_links":{"self":[{"href":"http:\/\/mzhk.pl\/index.php?rest_route=\/wp\/v2\/pages\/45","targetHints":{"allow":["GET"]}}],"collection":[{"href":"http:\/\/mzhk.pl\/index.php?rest_route=\/wp\/v2\/pages"}],"about":[{"href":"http:\/\/mzhk.pl\/index.php?rest_route=\/wp\/v2\/types\/page"}],"author":[{"embeddable":true,"href":"http:\/\/mzhk.pl\/index.php?rest_route=\/wp\/v2\/users\/1"}],"replies":[{"embeddable":true,"href":"http:\/\/mzhk.pl\/index.php?rest_route=%2Fwp%2Fv2%2Fcomments&post=45"}],"version-history":[{"count":24,"href":"http:\/\/mzhk.pl\/index.php?rest_route=\/wp\/v2\/pages\/45\/revisions"}],"predecessor-version":[{"id":1399,"href":"http:\/\/mzhk.pl\/index.php?rest_route=\/wp\/v2\/pages\/45\/revisions\/1399"}],"wp:attachment":[{"href":"http:\/\/mzhk.pl\/index.php?rest_route=%2Fwp%2Fv2%2Fmedia&parent=45"}],"curies":[{"name":"wp","href":"https:\/\/api.w.org\/{rel}","templated":true}]}}