{"id":448,"date":"2018-09-19T23:10:05","date_gmt":"2018-09-19T21:10:05","guid":{"rendered":"http:\/\/mzhk.pl\/?page_id=448"},"modified":"2018-09-19T23:10:28","modified_gmt":"2018-09-19T21:10:28","slug":"o-nas","status":"publish","type":"page","link":"http:\/\/mzhk.pl\/?page_id=448","title":{"rendered":"O nas"},"content":{"rendered":"<p><strong>Mazowiecki Zwi\u0105zek Hodowc\u00f3w Kr\u00f3lik\u00f3w i Drobnego Inwentarza<\/strong>, rozpocz\u0105\u0142 dzia\u0142alno\u015b\u0107 w 18.11.2009r. Zwi\u0105zek zosta\u0142 zg\u0142oszony do KRS w Warszawie i zarejestrowany pod numerem 0000356048. Nie jest to jednak pocz\u0105tek naszej pracy hodowlanej. Kontynuujemy tradycje Ko\u0142a nr 5 w Ko\u0142bieli b\u0119d\u0105cego do 2009 r. cz\u0119\u015bci\u0105 KZHK.<\/p>\n<p>&nbsp;<\/p>\n<p>Zrzeszaj\u0105c si\u0119 w MZHKiDI pragniemy kierowa\u0107 si\u0119 rzetelno\u015bci\u0105, \u017cyczliwo\u015bci\u0105 i partnerstwem wierz\u0105c, \u017ce pozwoli to podtrzyma\u0107 przyjacielskie relacje jakie Nas \u0142\u0105cz\u0105. Jeste\u015bmy tak\u017ce otwarci na partnersk\u0105 wsp\u00f3\u0142prac\u0119\u00a0 z innymi Stowarzyszeniami i Zwi\u0105zkami.<\/p>\n<p>&nbsp;<\/p>\n<p>Dotychczas zorganizowali\u015bmy trzy cykliczne wystawy pod wsp\u00f3ln\u0105 nazw\u0105 <strong>&#8222;Mazowiecka Wystawa Kr\u00f3lik\u00f3w Rasowych&#8221;<\/strong>\u00a0 (drugi wekend listopada), kt\u00f3re\u00a0 na sta\u0142e wpisa\u0142y si\u0119 w kalendarz . Godne podkre\u015blenia jest, \u017ce Wystawa w 2012 r.\u00a0 by\u0142a trzeci\u0105 co do wielko\u015bci w kraju, tak jak i w 2013 r. gdzie przekroczyli\u015bmy liczb\u0119 400 wystawianych kr\u00f3lik\u00f3w.<\/p>\n<p>Nie mniejszym zainteresowaniem ciesz\u0105 si\u0119 organizowane w miesi\u0105cu maju Pokazy Kr\u00f3lik\u00f3w w \u0141\u0105cku powiat P\u0142ock.<\/p>\n<p>Nasi Hodowcy, z sukcesami, uczestnicz\u0105 tak\u017ce Wystawach organizowanych przez inne zaprzyja\u017anione Stowarzyszenia.<\/p>\n<p>&nbsp;<\/p>\n<p>Wci\u0105\u017c rosn\u0105ca liczba Cz\u0142onk\u00f3w naszego Zwi\u0105zku, pozwala nam s\u0105dzi\u0107, \u017ce zasady jakimi kierujemy si\u0119 na co dzie\u0144 wychodz\u0105 naprzeciw oczekiwaniom Kole\u017canek i Koleg\u00f3w Hodowc\u00f3w, i to nie tylko z rejonu woj. mazowieckiego, gdy\u017c s\u0105 w\u015br\u00f3d nas hodowcy z r\u00f3\u017cnych wojew\u00f3dztw.<\/p>\n<p>-Przed wszystkim wyznajemy zasad\u0119 \u201eNic o Nas &#8211; bez Nas\u201d a wi\u0119c wszelkie decyzje podejmowane s\u0105 na Zebraniach.<\/p>\n<p>&#8211; \u201eKole\u017canka\u201d czy \u201eKolega\u201d nie jest zwrotem grzeczno\u015bciowym, wi\u0119c po kole\u017ce\u0144sku pomagamy sobie nawzajem<\/p>\n<p>&#8211; Dbamy by informacje o wystawach, pokazach, szkoleniach, wyjazdach na zagraniczne Wystawy niezw\u0142ocznie dociera\u0142y do wszystkich naszych Cz\u0142onk\u00f3w za po\u015brednictwem poczty e-mail.<\/p>\n<p>&#8211; U\u0142atwiamy pozyskanie kr\u00f3lik\u00f3w do stada podstawowego prowadz\u0105c, przy okazji Zebra\u0144 Zwi\u0105zkowych, gie\u0142d\u0119 \u201eKupi\u0119-Sprzedam-Zamieni\u0119\u201d.<\/p>\n<p>&#8211; Strona Internetowa Zwi\u0105zku oferuje Hodowcom mo\u017cliwo\u015b\u0107 publikacji zdj\u0119\u0107 kr\u00f3lik\u00f3w, a tak\u017ce informacji o hodowanych rasach wraz z kontaktowym\u00a0 numerem telefonu i adresem poczty e-mail. W najbli\u017cszej przysz\u0142o\u015bci planujemy uruchomi\u0107 elektroniczn\u0105 \u201eGie\u0142d\u0119\u201d.<\/p>\n<p>&#8211; Preferujemy system rejestracji kr\u00f3lik\u00f3w polegaj\u0105cy na przyznawaniu indywidualnego numeru Hodowli, a co za tym idzie indywidualnej rejestracji swoich kr\u00f3lik\u00f3w przez Hodowc\u0119, ograniczaj\u0105c koszty. Jest to jednocze\u015bnie odzwierciedleniem zaufanie jakim darzymy siebie nawzajem.<\/p>\n<p>&nbsp;<\/p>\n<p>Powy\u017csze dzia\u0142ania by\u0142y i s\u0105 mo\u017cliwe dzi\u0119ki zaanga\u017cowaniu Cz\u0142onk\u00f3w w prace Zwi\u0105zku. Bez tego zaanga\u017cowania nie uda\u0142o by nam si\u0119 w tak kr\u00f3tkim czasie nabycie odpowiedniej ilo\u015bci klatek do organizacji wystaw. Nie by\u0142a by tak\u017ce mo\u017cliwa organizacja samych\u00a0 Wystaw czy Pokaz\u00f3w, kt\u00f3re wymagaj\u0105 wiele pracy przed, w trakcie jak i po.<\/p>\n<p>&nbsp;<\/p>\n<p>Wobec kandydat\u00f3w do Naszego Zwi\u0105zku nie stawiamy wi\u0119c wymaga\u0144 w postaci d\u0142ugoletniego sta\u017cu, wcze\u015bniejszych osi\u0105gni\u0119\u0107, licznej hodowli wielu ras czy te\u017c wyg\u00f3rowanych sk\u0142adek cz\u0142onkowskich.<\/p>\n<p>Oczekujemy natomiast:<\/p>\n<p>-zaanga\u017cowania w realizowane przedsi\u0119wzi\u0119cia,<\/p>\n<p>-inicjatywy przy opracowywaniu nowych zamierze\u0144<\/p>\n<p>-szczero\u015bci w dyskusji nad dalszymi planami<\/p>\n<p>-\u017cyczliwo\u015bci wobec Kole\u017canek i Koleg\u00f3w<\/p>\n<p>-uczciwo\u015bci w prowadzeniu hodowli<\/p>\n<p>&nbsp;<\/p>\n<p>&nbsp;<\/p>\n<p>Tak wi\u0119c, je\u015bli i Tobie nie obce s\u0105 powy\u017csze zasady, podzielasz Nasze zainteresowania hodowl\u0105 i jeste\u015b Otwarta lub Otwarty na nowe do\u015bwiadczenia i kontakty.<\/p>\n<p>&nbsp;<\/p>\n<p>Zadzwo\u0144, Napisz lub Nas odwied\u017a !<\/p>\n","protected":false},"excerpt":{"rendered":"<p>Mazowiecki Zwi\u0105zek Hodowc\u00f3w Kr\u00f3lik\u00f3w i Drobnego Inwentarza, rozpocz\u0105\u0142 dzia\u0142alno\u015b\u0107 w 18.11.2009r. Zwi\u0105zek zosta\u0142 zg\u0142oszony do KRS w Warszawie i zarejestrowany pod numerem 0000356048. Nie jest to jednak pocz\u0105tek naszej pracy hodowlanej. Kontynuujemy tradycje Ko\u0142a nr 5 w Ko\u0142bieli b\u0119d\u0105cego do 2009 r. cz\u0119\u015bci\u0105 KZHK. &nbsp; Zrzeszaj\u0105c si\u0119 w MZHKiDI pragniemy kierowa\u0107 si\u0119 rzetelno\u015bci\u0105, \u017cyczliwo\u015bci\u0105 i&hellip; <br \/> <a class=\"button small blue\" href=\"http:\/\/mzhk.pl\/?page_id=448\">Dowiedz si\u0119 wi\u0119cej<\/a><\/p>\n","protected":false},"author":1,"featured_media":0,"parent":0,"menu_order":0,"comment_status":"closed","ping_status":"closed","template":"","meta":{"footnotes":""},"class_list":["post-448","page","type-page","status-publish","hentry"],"_links":{"self":[{"href":"http:\/\/mzhk.pl\/index.php?rest_route=\/wp\/v2\/pages\/448","targetHints":{"allow":["GET"]}}],"collection":[{"href":"http:\/\/mzhk.pl\/index.php?rest_route=\/wp\/v2\/pages"}],"about":[{"href":"http:\/\/mzhk.pl\/index.php?rest_route=\/wp\/v2\/types\/page"}],"author":[{"embeddable":true,"href":"http:\/\/mzhk.pl\/index.php?rest_route=\/wp\/v2\/users\/1"}],"replies":[{"embeddable":true,"href":"http:\/\/mzhk.pl\/index.php?rest_route=%2Fwp%2Fv2%2Fcomments&post=448"}],"version-history":[{"count":2,"href":"http:\/\/mzhk.pl\/index.php?rest_route=\/wp\/v2\/pages\/448\/revisions"}],"predecessor-version":[{"id":451,"href":"http:\/\/mzhk.pl\/index.php?rest_route=\/wp\/v2\/pages\/448\/revisions\/451"}],"wp:attachment":[{"href":"http:\/\/mzhk.pl\/index.php?rest_route=%2Fwp%2Fv2%2Fmedia&parent=448"}],"curies":[{"name":"wp","href":"https:\/\/api.w.org\/{rel}","templated":true}]}}