{"id":43,"date":"2018-05-30T09:37:11","date_gmt":"2018-05-30T07:37:11","guid":{"rendered":"http:\/\/mzhk.pl\/?page_id=43"},"modified":"2023-04-23T13:44:37","modified_gmt":"2023-04-23T11:44:37","slug":"status","status":"publish","type":"page","link":"http:\/\/mzhk.pl\/?page_id=43","title":{"rendered":"Statut"},"content":{"rendered":"<p><strong>STATUT STOWARZYSZENIA MAZOWIECKIEGO ZWI\u0104ZKU HODOWC\u00d3W KR\u00d3LIK\u00d3W I DROBNEGO INWENTARZA<\/strong><\/p>\n<p>&nbsp;<\/p>\n<p>&nbsp;<\/p>\n<p><strong>Rozdzia\u0142 I<\/strong><\/p>\n<p><strong>Postanowienia og\u00f3lne.<\/strong><\/p>\n<p><strong>&nbsp;<\/strong><\/p>\n<p><strong>Paragraf 1.<\/strong><\/p>\n<p>Stowarzyszenie Mazowiecki Zwi\u0105zek Hodowc\u00f3w Kr\u00f3lik\u00f3w i Drobnego Inwentarza zwany dalej Stowarzyszeniem dzia\u0142aj\u0105cym na podstawie ustawy z dnia 7 kwietnia 1989 r. prawo o stowarzyszeniach. Stowarzyszenie mo\u017ce si\u0119 pos\u0142ugiwa\u0107 skr\u00f3con\u0105 form\u0105 nazwy Mazowiecki Zwi\u0105zek Hodowc\u00f3w Kr\u00f3lik\u00f3w i Drobnego Inwentarza lub MZHKiDI.<\/p>\n<p><strong>Paragraf 2.<\/strong><\/p>\n<p>1.Stowarzyszenie posiada osobowo\u015b\u0107 prawn\u0105.<\/p>\n<ol start=\"2\">\n<li>Stowarzyszenie wchodzi\u0107 b\u0119dzie w porozumienia b\u0105d\u017a tworzy\u0107 federacje z innymi Stowarzyszeniami o tym samym lub podobnym zakresie dzia\u0142ania.<\/li>\n<li>Stowarzyszenie mo\u017ce by\u0107 cz\u0142onkiem organizacji hodowlanych o regionalnym zakresie dzia\u0142ania jako cz\u0142onek &#8211; osoba prawna.<\/li>\n<\/ol>\n<p><strong>Paragraf 3.<\/strong><\/p>\n<ol>\n<li>Siedziba Stowarzyszenia jest miejscowo\u015b\u0107 Ko\u0142biel<\/li>\n<li>Stowarzyszenie dzia\u0142a na terenie Rzeczpospolitej Polskiej.<\/li>\n<\/ol>\n<p><strong>Paragraf 4.<\/strong><\/p>\n<p>Stowarzyszenie u\u017cywa piecz\u0119ci okr\u0105g\u0142ej z napisem w otoku Mazowiecki Zwi\u0105zek Hodowc\u00f3w Kr\u00f3lik\u00f3w i Drobnego Inwentarza oraz pod\u0142u\u017cnej piecz\u0119ci adresowej.<\/p>\n<p><strong>Rozdzia\u0142 II&nbsp; &#8211; <\/strong><strong>Cele i \u015brodki dzia\u0142ania Stowarzyszenia<\/strong><\/p>\n<p><strong>Paragraf 5.<\/strong><\/p>\n<ol>\n<li>Celami Stowarzyszenia s\u0105:<\/li>\n<li>a) Dzia\u0142ania na rzecz humanitarnego traktowania zwierz\u0105t a w szczeg\u00f3lno\u015bci kr\u00f3lik\u00f3w<\/li>\n<li>b) Propagowanie wiedzy o kr\u00f3likach oraz kszta\u0142towanie w\u0142a\u015bciwej opieki<\/li>\n<li>c) Dzia\u0142ania na rzecz poprawy \u015brodowiska z \u017cycia zwierz\u0105t, w szczeg\u00f3lno\u015bci kr\u00f3lik\u00f3w<\/li>\n<li>d) Promowanie prawid\u0142owej opieki nad kr\u00f3likami<\/li>\n<li>e) Publikowanie materia\u0142\u00f3w edukacyjnych na temat w\u0142a\u015bciwej opieki nad kr\u00f3likami<\/li>\n<li>f) Prowadzenie oceny i selekcji zwierz\u0105t<\/li>\n<li>e) Organizowanie wystaw i pokaz\u00f3w<\/li>\n<li>Stowarzyszenie uczestniczy w tworzeniu i realizacji program\u00f3w hodowlanych dla poszczeg\u00f3lnych gatunk\u00f3w zwierz\u0105t<\/li>\n<li>Stowarzyszenie prowadzi dzia\u0142alno\u015b\u0107 informacyjn\u0105 poprzez:<\/li>\n<li>a) Udzia\u0142 w programach telewizyjnych i radiowych<\/li>\n<li>b) wydawanie informator\u00f3w<\/li>\n<li>c) artyku\u0142y w prasie<\/li>\n<li>Stowarzyszenie pomaga w zaopatrywaniu cz\u0142onk\u00f3w Stowarzyszenia w materia\u0142y i produkty<\/li>\n<\/ol>\n<p>&nbsp;<\/p>\n<p><strong>Rozdzia\u0142 III<\/strong><\/p>\n<p><strong>Cz\u0142onkowie ich prawa i obowi\u0105zki<\/strong><\/p>\n<p>&nbsp;<\/p>\n<p><strong>Paragraf 6.<\/strong><\/p>\n<ol>\n<li>Cz\u0142onkowie Stowarzyszenia mog\u0105 by\u0107:<\/li>\n<li>a) zwyczajni<\/li>\n<li>b) m\u0142odzie\u017cowi<\/li>\n<li>c) honorowi<\/li>\n<li>Cz\u0142onkiem zwyczajnym mo\u017ce by\u0107:<\/li>\n<li>a) osoba fizyczna pe\u0142noletnia, prowadz\u0105ca ch\u00f3w lub hodowl\u0119 kr\u00f3lik\u00f3w i drobnego inwentarza osobi\u015bcie<\/li>\n<li>b) osoba, kt\u00f3ra nie nale\u017cy do innego Stowarzyszenie hodowc\u00f3w o podobnym profilu dzia\u0142alno\u015bci;<\/li>\n<li>Cz\u0142onkiem m\u0142odzie\u017cowym mo\u017ce by\u0107 osoba niepe\u0142noletnia, kt\u00f3ra uko\u0144czy\u0142a 13 lat \u017cycia, zajmuje si\u0119 hodowl\u0105. Po uzyskaniu pe\u0142noletnio\u015bci cz\u0142onek m\u0142odzie\u017cowy staje si\u0119 zwyczajnym.<\/li>\n<li>Cz\u0142onkiem honorowym mo\u017ce by\u0107 osoba fizyczna, kt\u00f3ra sw\u0105 dzia\u0142alno\u015bci\u0105 po\u0142o\u017cy\u0142a szczeg\u00f3lne zas\u0142ugi dla rozwoju hodowli i chowu drobnego inwentarza.<\/li>\n<\/ol>\n<p>&nbsp;<\/p>\n<p><strong>Paragraf 7.<\/strong><\/p>\n<p>Cz\u0142onk\u00f3w Zwyczajnych przyjmuje Zarz\u0105d Stowarzyszenia na podstawie deklaracji.<\/p>\n<p><strong>&nbsp;<\/strong><\/p>\n<p><strong>Paragraf 8.<\/strong><\/p>\n<ol>\n<li>Cz\u0142onek Zwyczajny ma prawo:<\/li>\n<li>a) bra\u0107 udzia\u0142 w zebraniach Stowarzyszenia z prawem g\u0142osu;<\/li>\n<li>b) korzysta\u0107 ze \u015bwiadcze\u0144 w zakresie jego dzia\u0142alno\u015bci statutowej;<\/li>\n<li>c) by\u0107 wybierany do w\u0142adz Stowarzyszenia;<\/li>\n<\/ol>\n<p>&nbsp;<\/p>\n<p><strong>Paragraf 9.<\/strong><\/p>\n<ol>\n<li>Cz\u0142onek Zwyczajny ma obowi\u0105zek:<\/li>\n<li>a) stosowa\u0107 si\u0119 do postanowie\u0144 statutu Stowarzyszenia oraz uchwa\u0142 i zarz\u0105dze\u0144 w\u0142adz<\/li>\n<\/ol>\n<p>Stowarzyszenia w zakresie dzia\u0142alno\u015bci statutowej;<\/p>\n<ol>\n<li>b) bra\u0107 udzia\u0142 w pracach Stowarzyszenia i d\u0105\u017cy\u0107 do realizacji jego cel\u00f3w;<\/li>\n<li>c) ponosi\u0107 \u015bwiadczenia na rzecz Stowarzyszenia ustalone w trybie okre\u015blonym przez Walne Zgromadzenie;<\/li>\n<li>d) poddawa\u0107 si\u0119 nadzorowi i kontroli ze strony Stowarzyszenia w zakresie dzia\u0142alno\u015bci hodowlanej.<\/li>\n<li>Cz\u0142onkowie M\u0142odzie\u017cowi maj\u0105 te same prawa i obowi\u0105zki jak Cz\u0142onkowie Zwyczajni z wyj\u0105tkiem prawa g\u0142osu i prawa wyboru do w\u0142adz Stowarzyszenia<\/li>\n<\/ol>\n<p>&nbsp;<\/p>\n<p><strong>Paragraf 10.<\/strong><\/p>\n<p>Cz\u0142onek Honorowy mo\u017ce bra\u0107 udzia\u0142 w zebraniach Stowarzyszenia z g\u0142osem doradczym i nie jest zobowi\u0105zany do \u017cadnych \u015bwiadcze\u0144 na rzecz Stowarzyszenia. W przypadku prowadzenia przez Cz\u0142onka Honorowego hodowli lub chowu drobnego inwentarza podlega on prawom i obowi\u0105zkom Cz\u0142onka Zwyczajnego.<\/p>\n<p>&nbsp;<\/p>\n<p><strong>Paragraf 11.<\/strong><\/p>\n<ol>\n<li>Cz\u0142onkostwo w Stowarzyszeniu ustaje:<\/li>\n<li>a) przez \u015bmier\u0107, utrat\u0119 zdolno\u015bci do czynno\u015bci prawnych lub utrat\u0119 osobowo\u015bci prawnej przez osob\u0119 prawn\u0105;<\/li>\n<li>b) przez deklarowane wyst\u0105pienie z\u0142o\u017cone Zarz\u0105dowi Stowarzyszenia na pi\u015bmie;<\/li>\n<li>c) przez skre\u015blenie;<\/li>\n<li>Skre\u015blenie nast\u0119puje w oparciu o uchwa\u0142\u0119 Zarz\u0105du Stowarzyszenia z powodu:<\/li>\n<li>a) zaniechanie dzia\u0142alno\u015bci hodowlanej przez okres jednego roku;<\/li>\n<li>b) nie zap\u0142acenie do 28 Lutego ka\u017cdego roku sk\u0142adki cz\u0142onkowskiej;<\/li>\n<li>c) nie uczestniczenie w pracach Stowarzyszenia, w szczeg\u00f3lno\u015bci nieusprawiedliwione nieobecno\u015bci w czasie 1 roku;<\/li>\n<li>d) przez wydalenie;<\/li>\n<li>e) s\u0105d kole\u017ce\u0144ski<\/li>\n<li>Wydalanie nast\u0119puje w oparciu o uchwa\u0142\u0119 Zarz\u0105du Stowarzyszenia w przypadku:<\/li>\n<li>a) ra\u017c\u0105cego naruszenia statutu;<\/li>\n<li>b) dzia\u0142ania na szkod\u0119 Stowarzyszenia lub ra\u017c\u0105cego naruszenia interes\u00f3w innego Cz\u0142onka Stowarzyszenia;<\/li>\n<li>c) prawomocnego skazania wyrokiem s\u0105du powszechnego za dzia\u0142alno\u015b\u0107 zwi\u0105zan\u0105 z hodowl\u0105 i chowem drobnego inwentarza lub inne czyny ha\u0144bi\u0105ce;<\/li>\n<li>d) uporczywego nieprzestrzegania uchwa\u0142 w\u0142adz Stowarzyszenia; .<\/li>\n<\/ol>\n<p>&nbsp;<\/p>\n<p><strong>Paragraf 12.<\/strong><\/p>\n<p>Stowarzyszenia prowadzi rejestr cz\u0142onk\u00f3w.<\/p>\n<p>&nbsp;<\/p>\n<p><strong>Rozdzia\u0142 IV<\/strong><\/p>\n<p><strong>W\u0142adze Stowarzyszenia.<\/strong><\/p>\n<p>&nbsp;<\/p>\n<p><strong>Paragraf 13<\/strong><\/p>\n<p>W\u0142adzami Stowarzyszenia s\u0105 :<\/p>\n<p>1) Walne zebranie<\/p>\n<p>2) Zebranie zwyk\u0142e<\/p>\n<p>3) Zarz\u0105d<\/p>\n<p>4) Komisja Rewizyjna<\/p>\n<p>5) S\u0105d kole\u017ce\u0144ski<\/p>\n<p>&nbsp;<\/p>\n<p><strong>Paragraf 14<\/strong><\/p>\n<p>Kadencja Zarz\u0105du, Komisji Rewizyjnej i S\u0105du kole\u017ce\u0144skiego trwa 4 lata i trwa do wyboru nowego sk\u0142adu.<\/p>\n<p>&nbsp;<\/p>\n<p><strong>Paragraf 15<\/strong><\/p>\n<p>Walne Zebrania s\u0105 zwyczajne i nadzwyczajne.<\/p>\n<ol>\n<li>Zwyczajne Walne Zebranie zwo\u0142uje Zarz\u0105d Stowarzyszenia corocznie w I kwartale roku.<\/li>\n<li>Nadzwyczajne Walne Zebranie zwo\u0142uje Zarz\u0105d Stowarzyszenia z w\u0142asnej inicjatywy, a tak\u017ce na \u017c\u0105danie.<\/li>\n<li>a) Komisji rewizyjnej;<\/li>\n<li>b) S\u0105du kole\u017ce\u0144skiego<\/li>\n<li>c) 1\/3 cz\u0142onk\u00f3w Zwyczajnych Stowarzyszenia.;<\/li>\n<li>Nadzwyczajne Walne Zebranie powinno odby\u0107 si\u0119 w terminie do sze\u015bciu tygodni od otrzymania przez Zarz\u0105d Stowarzyszenia \u017c\u0105dania jego zwo\u0142ania;<\/li>\n<li>O terminie, miejscu i porz\u0105dku obrad Walnego Zebrania cz\u0142onk\u00f3w Stowarzyszenia powiadamia si\u0119 co najmniej na 14 dni przed wyznaczonym terminem;<\/li>\n<li>Walne Zebranie otwiera Prezes lub zast\u0119puj\u0105cy go Wiceprezes Stowarzyszenia;<\/li>\n<li>Obradami kieruje Przewodnicz\u0105cy, wybrany przez Walne Zebranie.<\/li>\n<li>Walne Zebranie przyjmuje porz\u0105dek i uchwala regulamin obrad,<\/li>\n<li>W Walnym Zebraniu uczestnicz\u0105:<\/li>\n<li>a) z prawem g\u0142osu cz\u0142onkowie Zwyczajni Stowarzyszenia<\/li>\n<li>b) z g\u0142osem doradczym cz\u0142onkowie Honorowi oraz zaproszeni go\u015bcie;<\/li>\n<\/ol>\n<p>&nbsp;<\/p>\n<p><strong>Paragraf 16<\/strong><\/p>\n<ol>\n<li>Uchwa\u0142y Walnego Zebrania zapadaj\u0105 zwyk\u0142\u0105 wi\u0119kszo\u015bci\u0105 g\u0142os\u00f3w oddanych przy obecno\u015bci co najmniej po\u0142owy uprawnionych do g\u0142osowania, z wyj\u0105tkiem przypadk\u00f3w, w kt\u00f3rych statut przewiduje inaczej.<\/li>\n<li>w razie braku po\u0142owy uprawnionych do g\u0142osownia Walne Zebranie mo\u017ce odbywa\u0107 si\u0119 w tym samym dniu w p\u00f3\u0142 godziny po pierwszym terminie. Klauzula taka powinna by\u0107 zamieszczona w zawiadomieniu o Walnym Zebraniu.<\/li>\n<\/ol>\n<p>3 G\u0142osowanie na Walnym Zebraniu odbywa si\u0119 jawnie. Tajne g\u0142osowanie zarz\u0105dza si\u0119 w sprawach wyboru w\u0142adz, oraz na \u017c\u0105danie po\u0142owy uczestnik\u00f3w uprawnionych do g\u0142osowania.<\/p>\n<p>&nbsp;<\/p>\n<p><strong>Paragraf 17<\/strong><\/p>\n<p>Do kompetencji Walnego Zebrania nale\u017cy:<\/p>\n<ol>\n<li>Uchwalenie statutu Stowarzyszenia i zmian w statucie.<\/li>\n<li>Uchwalenie regulamin\u00f3w Zarz\u0105du, komisji rewizyjnej i s\u0105du kole\u017ce\u0144skiego<\/li>\n<li>Wyb\u00f3r prezesa, zarz\u0105du, komisji rewizyjnej i s\u0105du kole\u017ce\u0144skiego Stowarzyszenia, oraz delegat\u00f3w na zebranie federacji i Stowarzysze\u0144 ponadregionalnych.<\/li>\n<li>Przyj\u0119cie sprawozda\u0144 zarz\u0105du, i komisji rewizyjnej.<\/li>\n<li>Udzielanie zarz\u0105dowi absolutorium.<\/li>\n<li>Uchwalenie programu dzia\u0142alno\u015bci Stowarzyszenia<\/li>\n<li>Nadawanie cz\u0142onkostwa honorowego oraz podejmowanie decyzji w sprawach jego cofni\u0119cia.<\/li>\n<li>Uchwalenie wysoko\u015bci op\u0142at cz\u0142onkowskich.<\/li>\n<li>Podejmowanie decyzji w sprawie odwo\u0142a\u0144 od decyzji Zarz\u0105du i Zebra\u0144 Stowarzyszenia.<\/li>\n<li>Decydowanie o rozwi\u0105zaniu Stowarzyszeniu i przeznaczeniu jego maj\u0105tku.<\/li>\n<\/ol>\n<p>&nbsp;<\/p>\n<p><strong>Paragraf 18<\/strong><\/p>\n<ol>\n<li>Zebrania zwykle odbywaj\u0105 si\u0119 2 razy do roku lub&nbsp; cz\u0119\u015bciej na \u017c\u0105danie:<\/li>\n<li>a) Zarz\u0105du;<\/li>\n<li>b) Komisji Rewizyjnej;<\/li>\n<li>c) S\u0105du Kole\u017ce\u0144skiego<\/li>\n<li>d) 1\/4 cz\u0142onk\u00f3w Zwyczajnych Stowarzyszenia;<\/li>\n<li>Zebranie zwyk\u0142e zwo\u0142uje Prezes lub zast\u0119puj\u0105cy go Wiceprezes Zwi\u0105zku Stowarzyszenia w porozumieniu z Zarz\u0105dem. O terminie zabrania cz\u0142onkowie powinni by\u0107 powiadomieni z co najmniej 10 dniowym wyprzedzeniem.<\/li>\n<li>W zebraniu zwyk\u0142ym uczestnicz\u0105:<\/li>\n<li>a) z prawem g\u0142osu cz\u0142onkowie zwyczajni Stowarzyszenia;<\/li>\n<li>b) z g\u0142osem doradczym cz\u0142onkowie honorowi oraz zaproszeni go\u015bcie.<\/li>\n<li>Uchwa\u0142y zebrania zapadaj\u0105 zwyk\u0142\u0105 wi\u0119kszo\u015bci\u0105 g\u0142os\u00f3w bez wzgl\u0119du na liczb\u0119 os\u00f3b uprawnionych.<\/li>\n<li>Uchwa\u0142y zebrania zwyk\u0142ego nie mog\u0105 by\u0107 sprzeczne z uchwa\u0142ami Walnego Zebrania.<\/li>\n<\/ol>\n<p>&nbsp;<\/p>\n<p><strong>Paragraf 19<\/strong><\/p>\n<ol>\n<li>Zarz\u0105d Stowarzyszenia sk\u0142ada si\u0119 z 4-7 cz\u0142onk\u00f3w..<\/li>\n<li>Zarz\u0105d wybiera spo\u015br\u00f3d Prezesa, Vice-Prezesa, Skarbnika, Sekretarza<\/li>\n<\/ol>\n<p>&nbsp;<\/p>\n<p><strong>Paragraf 20<\/strong><\/p>\n<ol>\n<li>Zebranie Zarz\u0105du zwo\u0142uje Prezes lub zast\u0119puj\u0105cy go Wiceprezes co najmniej raz na trzy miesi\u0105ce lub cz\u0119\u015bciej na \u017c\u0105danie:<\/li>\n<li>a) Komisji Rewizyjnej;<\/li>\n<li>b) S\u0105du kole\u017ce\u0144skiego<\/li>\n<li>c) wi\u0119kszo\u015bci cz\u0142onk\u00f3w Zarz\u0105du;<\/li>\n<li>Do podj\u0119cia uchwa\u0142y przez Zarz\u0105d konieczna jest obecno\u015b\u0107 co najmniej po\u0142owy jego cz\u0142onk\u00f3w, w tym Prezesa lub zast\u0119puj\u0105cego go Wiceprezesa.<\/li>\n<\/ol>\n<p>&nbsp;<\/p>\n<p><strong>Paragraf 21<\/strong><\/p>\n<ol>\n<li>Do kompetencji Zarz\u0105du nale\u017cy:<\/li>\n<li>a) uchwalenie regulamin\u00f3w i bud\u017cet\u00f3w.<\/li>\n<li>b) powo\u0142ywanie komisji i zespo\u0142\u00f3w roboczych.<\/li>\n<li>c) rozpatrywanie skarg oraz spraw spornych w ramach Stowarzyszenia.<\/li>\n<li>d) zwo\u0142ywanie walnych zebra\u0144.<\/li>\n<li>e) przedk\u0142adanie sprawozda\u0144 walnemu zebraniu.<\/li>\n<li>f) nabywanie i zbywanie maj\u0105tku Stowarzyszenia.<\/li>\n<li>g) podejmowanie decyzji w sprawach cz\u0142onkostwa w Stowarzyszeniu.<\/li>\n<li>h) podejmowanie decyzji w sprawach tworzenia federacji, porozumie\u0144 oraz przyst\u0119powanie do Stowarzysze\u0144 o zasi\u0119gu, ponadregionalnym.<\/li>\n<li>i) czuwanie nad wykonaniem uchwa\u0142 walnych zebra\u0144 oraz zebra\u0144 zwyk\u0142ych Stowarzyszenia.<\/li>\n<li>Prezes Stowarzyszenia lub Wiceprezes reprezentuj\u0105 jednoosobowo Stowarzyszenie na zewn\u0105trz, w sprawach finansowych po ka\u017cdorazowym upowa\u017cnieniu przez Zarz\u0105d.<\/li>\n<\/ol>\n<p>&nbsp;<\/p>\n<p><strong>Paragraf 22<\/strong><\/p>\n<p>Umowy i zobowi\u0105zania w imieniu Stowarzyszenia zawiera:<\/p>\n<ol>\n<li>Dw\u00f3ch cz\u0142onk\u00f3w zarz\u0105du w\u015br\u00f3d, kt\u00f3rych jest prezes lub wiceprezes.<\/li>\n<li>Dwie osoby nie wymienione w ust. 1 upowa\u017cnione przez zarz\u0105d Stowarzyszenia.<\/li>\n<li>Umowy o charakterze finansowym winny by\u0107 parafowane przez Skarbnika lub inn\u0105 osob\u0119 odpowiedzialn\u0105 za finanse Stowarzyszenia<\/li>\n<\/ol>\n<p>&nbsp;<\/p>\n<p><strong>Paragraf 23<\/strong><\/p>\n<ol>\n<li>Komisja rewizyjna sk\u0142ada si\u0119 z 3-5 cz\u0142onk\u00f3w.<\/li>\n<li>Komisja Rewizyjna wybiera spo\u015br\u00f3d swych, cz\u0142onk\u00f3w Przewodnicz\u0105cego i Sekretarza.<\/li>\n<li>Zebrania Komisji Rewizyjnej zwo\u0142uje jej Przewodnicz\u0105cy lub jego zast\u0119pca co najmniej raz na p\u00f3\u0142 roku.<\/li>\n<li>Komisja Rewizyjna dzia\u0142a na podstawie regulaminu uchwalonego przez Walne Zebranie.<\/li>\n<\/ol>\n<p>&nbsp;<\/p>\n<p><strong>Paragraf 24<\/strong><\/p>\n<p>Do kompetencji Komisji Rewizyjnej nale\u017cy:<\/p>\n<ol>\n<li>Kontrola ca\u0142okszta\u0142tu dzia\u0142alno\u015bci Stowarzyszenia<\/li>\n<li>Przedstawienie na Walnym Zebraniu wniosk\u00f3w w sprawie udzielenia absolutorium Zarz\u0105dowi.<\/li>\n<li>\u017b\u0105danie zwo\u0142ania Zarz\u0105du Stowarzyszenia; zebrania zwyk\u0142ego lub Nadzwyczajnego Walnego Zebrania.<\/li>\n<\/ol>\n<p>&nbsp;<\/p>\n<p><strong>Paragraf 25<\/strong><\/p>\n<ol>\n<li>Zarz\u0105d Stowarzyszenia jest zobowi\u0105zany powiadomi\u0107 Przewodnicz\u0105cego Komisji Rewizyjnej o terminach swoich. Zebra\u0144.<\/li>\n<li>Przewodnicz\u0105cy Komisji Rewizyjnej lub wyznaczony przez niego cz\u0142onek mo\u017ce bra\u0107 udzia\u0142 w zebraniach Zarz\u0105du z g\u0142osem doradczym.<\/li>\n<li>Komisja Rewizyjna ma prawo \u017c\u0105da\u0107 od Zarz\u0105du i jego poszczeg\u00f3lnych cz\u0142onk\u00f3w wyja\u015bnie\u0144 w sprawach dotycz\u0105cych dzia\u0142alno\u015bci Stowarzyszenia.<\/li>\n<\/ol>\n<p>&nbsp;<\/p>\n<p><strong>Paragraf 26<\/strong><\/p>\n<p>Komisja Rewizyjna dzia\u0142a kolegialnie, mo\u017ce jednak zleci\u0107 wykonanie czynno\u015bci kontrolnych jej, poszczeg\u00f3lnych cz\u0142onk\u00f3w lub bieg\u0142ych ksi\u0119gowych.<\/p>\n<p>&nbsp;<\/p>\n<p><strong>Paragraf 27<\/strong><\/p>\n<p>S\u0105d kole\u017ce\u0144ski sk\u0142ada si\u0119 z 3-5 cz\u0142onk\u00f3w<\/p>\n<p>&nbsp;<\/p>\n<p><strong>Rozdzia\u0142 V<\/strong><\/p>\n<p><strong>Fundusze i maj\u0105tek Stowarzyszenia<\/strong><\/p>\n<p>&nbsp;<\/p>\n<p><strong>Paragraf 28<\/strong><\/p>\n<p>Fundusze i maj\u0105tek Stowarzyszenia powstaje z:<\/p>\n<ol>\n<li>Op\u0142at cz\u0142onkowskich;<\/li>\n<li>Zapis\u00f3w, darowizn, subwencji i dochod\u00f3w powsta\u0142ych w trakcie dzia\u0142alno\u015bci statutowej;<\/li>\n<\/ol>\n<p>&nbsp;<\/p>\n<p><strong>Paragraf 29<\/strong><\/p>\n<ol>\n<li>Dla wykonania okre\u015blonych, zada\u0144 Stowarzyszenia mo\u017ce przyjmowa\u0107 do zagospodarowania fundusze od jednostek samorz\u0105dowych gospodarczych.<\/li>\n<li>Spos\u00f3b zagospodarowania funduszy okre\u015blonych w ust. 1 ustala\u0107 b\u0119d\u0105 porozumienia pomi\u0119dzy Stowarzyszeniem i jednostk\u0105 przekazuj\u0105c\u0105 Fundusze.<\/li>\n<\/ol>\n<p>&nbsp;<\/p>\n<p>&nbsp;<\/p>\n<p><strong>Rozdzia\u0142 VI<\/strong><\/p>\n<p><strong>Postanowienia ko\u0144cowe.<\/strong><\/p>\n<p>&nbsp;<\/p>\n<p><strong>Paragraf 30<\/strong><\/p>\n<ol>\n<li>Statut niniejszy mo\u017ce by\u0107 zmieniony przez Walne Zebranie wi\u0119kszo\u015bci\u0105 2\\3 g\u0142os\u00f3w oddanych przy obecno\u015bci przynajmniej po\u0142owy uprawnionych do g\u0142osowania.<\/li>\n<li>W razie braku quorum okre\u015blonego w ust. 1 dla podj\u0119cia uchwa\u0142y w przedmiocie zmian statutu mog\u0105 by\u0107 dokonane zmiany na Walnym Zebraniu odbytym w nast\u0119pnym terminie, nie wcze\u015bniej jednak jak 4 tygodnie i nie p\u00f3\u017aniej ni\u017c 2 miesi\u0105ce od pierwszego terminu Walnego Zebrania.<\/li>\n<li>W nast\u0119pnym terminie uchwa\u0142y w przedmiocie zmian statutu zapadaj\u0105 wi\u0119kszo\u015bci\u0105 2\\3 g\u0142os\u00f3w, oddanych bez wzgl\u0119du na ilo\u015b\u0107 obecnych na Walnym Zebraniu.<\/li>\n<li>Uchwa\u0142y naruszaj\u0105ce og\u00f3lnie obowi\u0105zuj\u0105ce przepisy prawa s\u0105 niewa\u017cne z mocy prawa i podlegaj\u0105 uchyleniu w ka\u017cdym czasie.<\/li>\n<\/ol>\n<p><strong>&nbsp;<\/strong><\/p>\n<p><strong>Paragraf 31<\/strong><\/p>\n<ol>\n<li>Rozwi\u0105zanie Stowarzyszenia mo\u017ce nast\u0105pi\u0107 na podstawie uchwa\u0142y powzi\u0119tej na Nadzwyczajnym Walnym Zebraniu wy\u0142\u0105cznie w tym celu zwo\u0142anym, wi\u0119kszo\u015bci\u0105 2\\3 g\u0142os\u00f3w oddanych przy obecno\u015bci co najmniej po\u0142owy uprawnionych, do g\u0142osowania.<\/li>\n<li>W przypadku braku quorum okre\u015blonego w ust. 1 rozwi\u0105zanie Stowarzyszenia mo\u017ce nast\u0105pi\u0107 na Walnym Zebraniu zwo\u0142anym w nast\u0119pnym terminie w trybie jak w przedmiocie zmian w statucie ( 29ust. 2 i 3).<\/li>\n<li>W razie podj\u0119cia uchwa\u0142y o przedmiocie rozwi\u0105zania. Stowarzyszenia nast\u0119puje jego likwidacja przez Komisj\u0119 Likwidacyjn\u0105 wybran\u0105 przez Walne Zebranie; kt\u00f3re podj\u0119\u0142o uchwa\u0142\u0119 o rozwi\u0105zaniu Stowarzyszenia.<\/li>\n<li>O przeznaczeniu maj\u0105tku pozosta\u0142ego po likwidacji Stowarzyszenia decyduje Walne Zebranie, kt\u00f3re podejmuje uchwa\u0142y w przedmiocie rozwi\u0105zania Stowarzyszenia uwzgl\u0119dniaj\u0105c jego cele statusowe.<\/li>\n<\/ol>\n<p>&nbsp;<\/p>\n","protected":false},"excerpt":{"rendered":"<p>STATUT STOWARZYSZENIA MAZOWIECKIEGO ZWI\u0104ZKU HODOWC\u00d3W KR\u00d3LIK\u00d3W I DROBNEGO INWENTARZA &nbsp; &nbsp; Rozdzia\u0142 I Postanowienia og\u00f3lne. &nbsp; Paragraf 1. Stowarzyszenie Mazowiecki Zwi\u0105zek Hodowc\u00f3w Kr\u00f3lik\u00f3w i Drobnego Inwentarza zwany dalej Stowarzyszeniem dzia\u0142aj\u0105cym na podstawie ustawy z dnia 7 kwietnia 1989 r. prawo o stowarzyszeniach. Stowarzyszenie mo\u017ce si\u0119 pos\u0142ugiwa\u0107 skr\u00f3con\u0105 form\u0105 nazwy Mazowiecki Zwi\u0105zek Hodowc\u00f3w Kr\u00f3lik\u00f3w i Drobnego&hellip; <br \/> <a class=\"button small blue\" href=\"http:\/\/mzhk.pl\/?page_id=43\">Dowiedz si\u0119 wi\u0119cej<\/a><\/p>\n","protected":false},"author":1,"featured_media":0,"parent":0,"menu_order":0,"comment_status":"closed","ping_status":"closed","template":"","meta":{"footnotes":""},"class_list":["post-43","page","type-page","status-publish","hentry"],"_links":{"self":[{"href":"http:\/\/mzhk.pl\/index.php?rest_route=\/wp\/v2\/pages\/43","targetHints":{"allow":["GET"]}}],"collection":[{"href":"http:\/\/mzhk.pl\/index.php?rest_route=\/wp\/v2\/pages"}],"about":[{"href":"http:\/\/mzhk.pl\/index.php?rest_route=\/wp\/v2\/types\/page"}],"author":[{"embeddable":true,"href":"http:\/\/mzhk.pl\/index.php?rest_route=\/wp\/v2\/users\/1"}],"replies":[{"embeddable":true,"href":"http:\/\/mzhk.pl\/index.php?rest_route=%2Fwp%2Fv2%2Fcomments&post=43"}],"version-history":[{"count":4,"href":"http:\/\/mzhk.pl\/index.php?rest_route=\/wp\/v2\/pages\/43\/revisions"}],"predecessor-version":[{"id":1094,"href":"http:\/\/mzhk.pl\/index.php?rest_route=\/wp\/v2\/pages\/43\/revisions\/1094"}],"wp:attachment":[{"href":"http:\/\/mzhk.pl\/index.php?rest_route=%2Fwp%2Fv2%2Fmedia&parent=43"}],"curies":[{"name":"wp","href":"https:\/\/api.w.org\/{rel}","templated":true}]}}