{"id":362,"date":"2018-09-18T23:33:46","date_gmt":"2018-09-18T21:33:46","guid":{"rendered":"http:\/\/mzhk.pl\/?page_id=362"},"modified":"2018-09-18T23:33:46","modified_gmt":"2018-09-18T21:33:46","slug":"lack-2015","status":"publish","type":"page","link":"http:\/\/mzhk.pl\/?page_id=362","title":{"rendered":"\u0141\u0105ck 2015"},"content":{"rendered":"<p>W dniu 17 maja 2015 odby\u0142 sie Pokaz Kr\u00f3likow w \u0141\u0105cku na XXIV Gie\u0142dzie Rolniczej.Pokaz zorganizowany przez MZHK dzi\u0119ki uprzejmo\u015bci Mazowieckiego O\u015brodka Doradztwa Rolniczego Oddzia\u0142 w P\u0142ocku<\/p>\n<p>Na Pokazie tym wzi\u0119li udzia\u0142 Hodowcy :<\/p>\n<p>Krzysztof Roman, Adam \u017bubrowski ,\u0141\u0105tka Przemys\u0142aw ,Florek Radows\u0142aw, Rober Gozdan , Jarek Ka\u0142aska , Krzysztof Szcz\u0119sny , Wojciech Pajewski , Niedzia\u0142kowski Artur .<\/p>\n<p>Hodowcy zaprezentowali na pokazie ponad 100 Szt kr\u00f3lik\u00f3w w r\u00f3\u017cnych rasach i odmianach barwnych..<\/p>\n<p>Wystawa Bardzo udana, wielu zwiedzaj\u0105cych ,<\/p>\n\n\t\t<style type=\"text\/css\">\n\t\t\t#gallery-1 {\n\t\t\t\tmargin: auto;\n\t\t\t}\n\t\t\t#gallery-1 .gallery-item {\n\t\t\t\tfloat: left;\n\t\t\t\tmargin-top: 10px;\n\t\t\t\ttext-align: center;\n\t\t\t\twidth: 33%;\n\t\t\t}\n\t\t\t#gallery-1 img {\n\t\t\t\tborder: 2px solid #cfcfcf;\n\t\t\t}\n\t\t\t#gallery-1 .gallery-caption {\n\t\t\t\tmargin-left: 0;\n\t\t\t}\n\t\t\t\/* see gallery_shortcode() in wp-includes\/media.php *\/\n\t\t<\/style>\n\t\t<div id='gallery-1' class='gallery galleryid-362 gallery-columns-3 gallery-size-medium'><dl class='gallery-item'>\n\t\t\t<dt class='gallery-icon landscape'>\n\t\t\t\t<a href='http:\/\/mzhk.pl\/?attachment_id=363'><img loading=\"lazy\" decoding=\"async\" width=\"300\" height=\"200\" src=\"http:\/\/mzhk.pl\/wp-content\/uploads\/2018\/09\/04.lack-2015-300x200.jpg\" class=\"attachment-medium size-medium\" alt=\"\" srcset=\"http:\/\/mzhk.pl\/wp-content\/uploads\/2018\/09\/04.lack-2015-300x200.jpg 300w, http:\/\/mzhk.pl\/wp-content\/uploads\/2018\/09\/04.lack-2015-768x511.jpg 768w, http:\/\/mzhk.pl\/wp-content\/uploads\/2018\/09\/04.lack-2015-1024x681.jpg 1024w, http:\/\/mzhk.pl\/wp-content\/uploads\/2018\/09\/04.lack-2015-400x266.jpg 400w, http:\/\/mzhk.pl\/wp-content\/uploads\/2018\/09\/04.lack-2015.jpg 1203w\" sizes=\"auto, (max-width: 300px) 100vw, 300px\" \/><\/a>\n\t\t\t<\/dt><\/dl><dl class='gallery-item'>\n\t\t\t<dt class='gallery-icon landscape'>\n\t\t\t\t<a href='http:\/\/mzhk.pl\/?attachment_id=364'><img loading=\"lazy\" decoding=\"async\" width=\"300\" height=\"200\" src=\"http:\/\/mzhk.pl\/wp-content\/uploads\/2018\/09\/09.lack-2015-300x200.jpg\" class=\"attachment-medium size-medium\" alt=\"\" srcset=\"http:\/\/mzhk.pl\/wp-content\/uploads\/2018\/09\/09.lack-2015-300x200.jpg 300w, http:\/\/mzhk.pl\/wp-content\/uploads\/2018\/09\/09.lack-2015-768x511.jpg 768w, http:\/\/mzhk.pl\/wp-content\/uploads\/2018\/09\/09.lack-2015-1024x681.jpg 1024w, http:\/\/mzhk.pl\/wp-content\/uploads\/2018\/09\/09.lack-2015-400x266.jpg 400w, http:\/\/mzhk.pl\/wp-content\/uploads\/2018\/09\/09.lack-2015.jpg 1203w\" sizes=\"auto, (max-width: 300px) 100vw, 300px\" \/><\/a>\n\t\t\t<\/dt><\/dl><dl class='gallery-item'>\n\t\t\t<dt class='gallery-icon landscape'>\n\t\t\t\t<a href='http:\/\/mzhk.pl\/?attachment_id=365'><img loading=\"lazy\" decoding=\"async\" width=\"300\" height=\"200\" src=\"http:\/\/mzhk.pl\/wp-content\/uploads\/2018\/09\/11.lack-2015-300x200.jpg\" class=\"attachment-medium size-medium\" alt=\"\" srcset=\"http:\/\/mzhk.pl\/wp-content\/uploads\/2018\/09\/11.lack-2015-300x200.jpg 300w, http:\/\/mzhk.pl\/wp-content\/uploads\/2018\/09\/11.lack-2015-768x511.jpg 768w, http:\/\/mzhk.pl\/wp-content\/uploads\/2018\/09\/11.lack-2015-1024x681.jpg 1024w, http:\/\/mzhk.pl\/wp-content\/uploads\/2018\/09\/11.lack-2015-400x266.jpg 400w, http:\/\/mzhk.pl\/wp-content\/uploads\/2018\/09\/11.lack-2015.jpg 1203w\" sizes=\"auto, (max-width: 300px) 100vw, 300px\" \/><\/a>\n\t\t\t<\/dt><\/dl><br style=\"clear: both\" \/><dl class='gallery-item'>\n\t\t\t<dt class='gallery-icon landscape'>\n\t\t\t\t<a href='http:\/\/mzhk.pl\/?attachment_id=366'><img loading=\"lazy\" decoding=\"async\" width=\"300\" height=\"200\" src=\"http:\/\/mzhk.pl\/wp-content\/uploads\/2018\/09\/15.lack-2015-300x200.jpg\" class=\"attachment-medium size-medium\" alt=\"\" srcset=\"http:\/\/mzhk.pl\/wp-content\/uploads\/2018\/09\/15.lack-2015-300x200.jpg 300w, http:\/\/mzhk.pl\/wp-content\/uploads\/2018\/09\/15.lack-2015-768x511.jpg 768w, http:\/\/mzhk.pl\/wp-content\/uploads\/2018\/09\/15.lack-2015-1024x681.jpg 1024w, http:\/\/mzhk.pl\/wp-content\/uploads\/2018\/09\/15.lack-2015-400x266.jpg 400w, http:\/\/mzhk.pl\/wp-content\/uploads\/2018\/09\/15.lack-2015.jpg 1203w\" sizes=\"auto, (max-width: 300px) 100vw, 300px\" \/><\/a>\n\t\t\t<\/dt><\/dl><dl class='gallery-item'>\n\t\t\t<dt class='gallery-icon landscape'>\n\t\t\t\t<a href='http:\/\/mzhk.pl\/?attachment_id=367'><img loading=\"lazy\" decoding=\"async\" width=\"300\" height=\"200\" src=\"http:\/\/mzhk.pl\/wp-content\/uploads\/2018\/09\/16.lack-2015-300x200.jpg\" class=\"attachment-medium size-medium\" alt=\"\" srcset=\"http:\/\/mzhk.pl\/wp-content\/uploads\/2018\/09\/16.lack-2015-300x200.jpg 300w, http:\/\/mzhk.pl\/wp-content\/uploads\/2018\/09\/16.lack-2015-768x511.jpg 768w, http:\/\/mzhk.pl\/wp-content\/uploads\/2018\/09\/16.lack-2015-1024x681.jpg 1024w, http:\/\/mzhk.pl\/wp-content\/uploads\/2018\/09\/16.lack-2015-400x266.jpg 400w, http:\/\/mzhk.pl\/wp-content\/uploads\/2018\/09\/16.lack-2015.jpg 1203w\" sizes=\"auto, (max-width: 300px) 100vw, 300px\" \/><\/a>\n\t\t\t<\/dt><\/dl><dl class='gallery-item'>\n\t\t\t<dt class='gallery-icon landscape'>\n\t\t\t\t<a href='http:\/\/mzhk.pl\/?attachment_id=368'><img loading=\"lazy\" decoding=\"async\" width=\"300\" height=\"200\" src=\"http:\/\/mzhk.pl\/wp-content\/uploads\/2018\/09\/17.lack-2015-300x200.jpg\" class=\"attachment-medium size-medium\" alt=\"\" srcset=\"http:\/\/mzhk.pl\/wp-content\/uploads\/2018\/09\/17.lack-2015-300x200.jpg 300w, http:\/\/mzhk.pl\/wp-content\/uploads\/2018\/09\/17.lack-2015-768x511.jpg 768w, http:\/\/mzhk.pl\/wp-content\/uploads\/2018\/09\/17.lack-2015-1024x681.jpg 1024w, http:\/\/mzhk.pl\/wp-content\/uploads\/2018\/09\/17.lack-2015-400x266.jpg 400w, http:\/\/mzhk.pl\/wp-content\/uploads\/2018\/09\/17.lack-2015.jpg 1203w\" sizes=\"auto, (max-width: 300px) 100vw, 300px\" \/><\/a>\n\t\t\t<\/dt><\/dl><br style=\"clear: both\" \/><dl class='gallery-item'>\n\t\t\t<dt class='gallery-icon landscape'>\n\t\t\t\t<a href='http:\/\/mzhk.pl\/?attachment_id=369'><img loading=\"lazy\" decoding=\"async\" width=\"300\" height=\"200\" src=\"http:\/\/mzhk.pl\/wp-content\/uploads\/2018\/09\/18.lack-2015-300x200.jpg\" class=\"attachment-medium size-medium\" alt=\"\" srcset=\"http:\/\/mzhk.pl\/wp-content\/uploads\/2018\/09\/18.lack-2015-300x200.jpg 300w, http:\/\/mzhk.pl\/wp-content\/uploads\/2018\/09\/18.lack-2015-768x511.jpg 768w, http:\/\/mzhk.pl\/wp-content\/uploads\/2018\/09\/18.lack-2015-1024x681.jpg 1024w, http:\/\/mzhk.pl\/wp-content\/uploads\/2018\/09\/18.lack-2015-400x266.jpg 400w, http:\/\/mzhk.pl\/wp-content\/uploads\/2018\/09\/18.lack-2015.jpg 1203w\" sizes=\"auto, (max-width: 300px) 100vw, 300px\" \/><\/a>\n\t\t\t<\/dt><\/dl><dl class='gallery-item'>\n\t\t\t<dt class='gallery-icon landscape'>\n\t\t\t\t<a href='http:\/\/mzhk.pl\/?attachment_id=370'><img loading=\"lazy\" decoding=\"async\" width=\"300\" height=\"200\" src=\"http:\/\/mzhk.pl\/wp-content\/uploads\/2018\/09\/19.lack-2015-300x200.jpg\" class=\"attachment-medium size-medium\" alt=\"\" srcset=\"http:\/\/mzhk.pl\/wp-content\/uploads\/2018\/09\/19.lack-2015-300x200.jpg 300w, http:\/\/mzhk.pl\/wp-content\/uploads\/2018\/09\/19.lack-2015-768x511.jpg 768w, http:\/\/mzhk.pl\/wp-content\/uploads\/2018\/09\/19.lack-2015-1024x681.jpg 1024w, http:\/\/mzhk.pl\/wp-content\/uploads\/2018\/09\/19.lack-2015-400x266.jpg 400w, http:\/\/mzhk.pl\/wp-content\/uploads\/2018\/09\/19.lack-2015.jpg 1203w\" sizes=\"auto, (max-width: 300px) 100vw, 300px\" \/><\/a>\n\t\t\t<\/dt><\/dl><dl class='gallery-item'>\n\t\t\t<dt class='gallery-icon landscape'>\n\t\t\t\t<a href='http:\/\/mzhk.pl\/?attachment_id=371'><img loading=\"lazy\" decoding=\"async\" width=\"300\" height=\"200\" src=\"http:\/\/mzhk.pl\/wp-content\/uploads\/2018\/09\/20.lack-2015-300x200.jpg\" class=\"attachment-medium size-medium\" alt=\"\" srcset=\"http:\/\/mzhk.pl\/wp-content\/uploads\/2018\/09\/20.lack-2015-300x200.jpg 300w, http:\/\/mzhk.pl\/wp-content\/uploads\/2018\/09\/20.lack-2015-768x511.jpg 768w, http:\/\/mzhk.pl\/wp-content\/uploads\/2018\/09\/20.lack-2015-1024x681.jpg 1024w, http:\/\/mzhk.pl\/wp-content\/uploads\/2018\/09\/20.lack-2015-400x266.jpg 400w, http:\/\/mzhk.pl\/wp-content\/uploads\/2018\/09\/20.lack-2015.jpg 1203w\" sizes=\"auto, (max-width: 300px) 100vw, 300px\" \/><\/a>\n\t\t\t<\/dt><\/dl><br style=\"clear: both\" \/>\n\t\t<\/div>\n\n","protected":false},"excerpt":{"rendered":"<p>W dniu 17 maja 2015 odby\u0142 sie Pokaz Kr\u00f3likow w \u0141\u0105cku na XXIV Gie\u0142dzie Rolniczej.Pokaz zorganizowany przez MZHK dzi\u0119ki uprzejmo\u015bci Mazowieckiego O\u015brodka Doradztwa Rolniczego Oddzia\u0142 w P\u0142ocku Na Pokazie tym wzi\u0119li udzia\u0142 Hodowcy : Krzysztof Roman, Adam \u017bubrowski ,\u0141\u0105tka Przemys\u0142aw ,Florek Radows\u0142aw, Rober Gozdan , Jarek Ka\u0142aska , Krzysztof Szcz\u0119sny , Wojciech Pajewski , Niedzia\u0142kowski&hellip; <br \/> <a class=\"button small blue\" href=\"http:\/\/mzhk.pl\/?page_id=362\">Dowiedz si\u0119 wi\u0119cej<\/a><\/p>\n","protected":false},"author":1,"featured_media":0,"parent":139,"menu_order":3,"comment_status":"closed","ping_status":"closed","template":"","meta":{"footnotes":""},"class_list":["post-362","page","type-page","status-publish","hentry"],"_links":{"self":[{"href":"http:\/\/mzhk.pl\/index.php?rest_route=\/wp\/v2\/pages\/362","targetHints":{"allow":["GET"]}}],"collection":[{"href":"http:\/\/mzhk.pl\/index.php?rest_route=\/wp\/v2\/pages"}],"about":[{"href":"http:\/\/mzhk.pl\/index.php?rest_route=\/wp\/v2\/types\/page"}],"author":[{"embeddable":true,"href":"http:\/\/mzhk.pl\/index.php?rest_route=\/wp\/v2\/users\/1"}],"replies":[{"embeddable":true,"href":"http:\/\/mzhk.pl\/index.php?rest_route=%2Fwp%2Fv2%2Fcomments&post=362"}],"version-history":[{"count":1,"href":"http:\/\/mzhk.pl\/index.php?rest_route=\/wp\/v2\/pages\/362\/revisions"}],"predecessor-version":[{"id":372,"href":"http:\/\/mzhk.pl\/index.php?rest_route=\/wp\/v2\/pages\/362\/revisions\/372"}],"up":[{"embeddable":true,"href":"http:\/\/mzhk.pl\/index.php?rest_route=\/wp\/v2\/pages\/139"}],"wp:attachment":[{"href":"http:\/\/mzhk.pl\/index.php?rest_route=%2Fwp%2Fv2%2Fmedia&parent=362"}],"curies":[{"name":"wp","href":"https:\/\/api.w.org\/{rel}","templated":true}]}}