{"id":293,"date":"2018-09-14T11:26:54","date_gmt":"2018-09-14T09:26:54","guid":{"rendered":"http:\/\/mzhk.pl\/?page_id=293"},"modified":"2018-09-18T23:26:22","modified_gmt":"2018-09-18T21:26:22","slug":"lack-2018","status":"publish","type":"page","link":"http:\/\/mzhk.pl\/?page_id=293","title":{"rendered":"\u0141\u0105ck 2018"},"content":{"rendered":"\n\t\t<style type=\"text\/css\">\n\t\t\t#gallery-1 {\n\t\t\t\tmargin: auto;\n\t\t\t}\n\t\t\t#gallery-1 .gallery-item {\n\t\t\t\tfloat: left;\n\t\t\t\tmargin-top: 10px;\n\t\t\t\ttext-align: center;\n\t\t\t\twidth: 25%;\n\t\t\t}\n\t\t\t#gallery-1 img {\n\t\t\t\tborder: 2px solid #cfcfcf;\n\t\t\t}\n\t\t\t#gallery-1 .gallery-caption {\n\t\t\t\tmargin-left: 0;\n\t\t\t}\n\t\t\t\/* see gallery_shortcode() in wp-includes\/media.php *\/\n\t\t<\/style>\n\t\t<div id='gallery-1' class='gallery galleryid-293 gallery-columns-4 gallery-size-medium'><dl class='gallery-item'>\n\t\t\t<dt class='gallery-icon landscape'>\n\t\t\t\t<a href='http:\/\/mzhk.pl\/?attachment_id=18'><img loading=\"lazy\" decoding=\"async\" width=\"300\" height=\"225\" src=\"http:\/\/mzhk.pl\/wp-content\/uploads\/2018\/05\/lack2018.01-300x225.jpg\" class=\"attachment-medium size-medium\" alt=\"\" srcset=\"http:\/\/mzhk.pl\/wp-content\/uploads\/2018\/05\/lack2018.01-300x225.jpg 300w, http:\/\/mzhk.pl\/wp-content\/uploads\/2018\/05\/lack2018.01-768x576.jpg 768w, http:\/\/mzhk.pl\/wp-content\/uploads\/2018\/05\/lack2018.01.jpg 1024w, http:\/\/mzhk.pl\/wp-content\/uploads\/2018\/05\/lack2018.01-200x150.jpg 200w\" sizes=\"auto, (max-width: 300px) 100vw, 300px\" \/><\/a>\n\t\t\t<\/dt><\/dl><dl class='gallery-item'>\n\t\t\t<dt class='gallery-icon landscape'>\n\t\t\t\t<a href='http:\/\/mzhk.pl\/?attachment_id=19'><img loading=\"lazy\" decoding=\"async\" width=\"300\" height=\"225\" src=\"http:\/\/mzhk.pl\/wp-content\/uploads\/2018\/05\/lack2018.02-300x225.jpg\" class=\"attachment-medium size-medium\" alt=\"\" srcset=\"http:\/\/mzhk.pl\/wp-content\/uploads\/2018\/05\/lack2018.02-300x225.jpg 300w, http:\/\/mzhk.pl\/wp-content\/uploads\/2018\/05\/lack2018.02-768x576.jpg 768w, http:\/\/mzhk.pl\/wp-content\/uploads\/2018\/05\/lack2018.02.jpg 1024w, http:\/\/mzhk.pl\/wp-content\/uploads\/2018\/05\/lack2018.02-200x150.jpg 200w\" sizes=\"auto, (max-width: 300px) 100vw, 300px\" \/><\/a>\n\t\t\t<\/dt><\/dl><dl class='gallery-item'>\n\t\t\t<dt class='gallery-icon landscape'>\n\t\t\t\t<a href='http:\/\/mzhk.pl\/?attachment_id=20'><img loading=\"lazy\" decoding=\"async\" width=\"300\" height=\"225\" src=\"http:\/\/mzhk.pl\/wp-content\/uploads\/2018\/05\/lack2018.03-300x225.jpg\" class=\"attachment-medium size-medium\" alt=\"\" srcset=\"http:\/\/mzhk.pl\/wp-content\/uploads\/2018\/05\/lack2018.03-300x225.jpg 300w, http:\/\/mzhk.pl\/wp-content\/uploads\/2018\/05\/lack2018.03-768x576.jpg 768w, http:\/\/mzhk.pl\/wp-content\/uploads\/2018\/05\/lack2018.03.jpg 1024w, http:\/\/mzhk.pl\/wp-content\/uploads\/2018\/05\/lack2018.03-200x150.jpg 200w\" sizes=\"auto, (max-width: 300px) 100vw, 300px\" \/><\/a>\n\t\t\t<\/dt><\/dl><dl class='gallery-item'>\n\t\t\t<dt class='gallery-icon landscape'>\n\t\t\t\t<a href='http:\/\/mzhk.pl\/?attachment_id=24'><img loading=\"lazy\" decoding=\"async\" width=\"300\" height=\"225\" src=\"http:\/\/mzhk.pl\/wp-content\/uploads\/2018\/05\/lack2018.07-300x225.jpg\" class=\"attachment-medium size-medium\" alt=\"\" srcset=\"http:\/\/mzhk.pl\/wp-content\/uploads\/2018\/05\/lack2018.07-300x225.jpg 300w, http:\/\/mzhk.pl\/wp-content\/uploads\/2018\/05\/lack2018.07-768x576.jpg 768w, http:\/\/mzhk.pl\/wp-content\/uploads\/2018\/05\/lack2018.07.jpg 1024w, http:\/\/mzhk.pl\/wp-content\/uploads\/2018\/05\/lack2018.07-200x150.jpg 200w\" sizes=\"auto, (max-width: 300px) 100vw, 300px\" \/><\/a>\n\t\t\t<\/dt><\/dl><br style=\"clear: both\" \/><dl class='gallery-item'>\n\t\t\t<dt class='gallery-icon landscape'>\n\t\t\t\t<a href='http:\/\/mzhk.pl\/?attachment_id=23'><img loading=\"lazy\" decoding=\"async\" width=\"300\" height=\"225\" src=\"http:\/\/mzhk.pl\/wp-content\/uploads\/2018\/05\/lack2018.06-300x225.jpg\" class=\"attachment-medium size-medium\" alt=\"\" srcset=\"http:\/\/mzhk.pl\/wp-content\/uploads\/2018\/05\/lack2018.06-300x225.jpg 300w, http:\/\/mzhk.pl\/wp-content\/uploads\/2018\/05\/lack2018.06-768x576.jpg 768w, http:\/\/mzhk.pl\/wp-content\/uploads\/2018\/05\/lack2018.06.jpg 1024w, http:\/\/mzhk.pl\/wp-content\/uploads\/2018\/05\/lack2018.06-200x150.jpg 200w\" sizes=\"auto, (max-width: 300px) 100vw, 300px\" \/><\/a>\n\t\t\t<\/dt><\/dl><dl class='gallery-item'>\n\t\t\t<dt class='gallery-icon portrait'>\n\t\t\t\t<a href='http:\/\/mzhk.pl\/?attachment_id=22'><img loading=\"lazy\" decoding=\"async\" width=\"225\" height=\"300\" src=\"http:\/\/mzhk.pl\/wp-content\/uploads\/2018\/05\/lack2018.05-225x300.jpg\" class=\"attachment-medium size-medium\" alt=\"\" srcset=\"http:\/\/mzhk.pl\/wp-content\/uploads\/2018\/05\/lack2018.05-225x300.jpg 225w, http:\/\/mzhk.pl\/wp-content\/uploads\/2018\/05\/lack2018.05.jpg 768w\" sizes=\"auto, (max-width: 225px) 100vw, 225px\" \/><\/a>\n\t\t\t<\/dt><\/dl><dl class='gallery-item'>\n\t\t\t<dt class='gallery-icon landscape'>\n\t\t\t\t<a href='http:\/\/mzhk.pl\/?attachment_id=21'><img loading=\"lazy\" decoding=\"async\" width=\"300\" height=\"225\" src=\"http:\/\/mzhk.pl\/wp-content\/uploads\/2018\/05\/lack2018.04-300x225.jpg\" class=\"attachment-medium size-medium\" alt=\"\" srcset=\"http:\/\/mzhk.pl\/wp-content\/uploads\/2018\/05\/lack2018.04-300x225.jpg 300w, http:\/\/mzhk.pl\/wp-content\/uploads\/2018\/05\/lack2018.04-768x576.jpg 768w, http:\/\/mzhk.pl\/wp-content\/uploads\/2018\/05\/lack2018.04.jpg 1024w, http:\/\/mzhk.pl\/wp-content\/uploads\/2018\/05\/lack2018.04-200x150.jpg 200w\" sizes=\"auto, (max-width: 300px) 100vw, 300px\" \/><\/a>\n\t\t\t<\/dt><\/dl><dl class='gallery-item'>\n\t\t\t<dt class='gallery-icon landscape'>\n\t\t\t\t<a href='http:\/\/mzhk.pl\/?attachment_id=25'><img loading=\"lazy\" decoding=\"async\" width=\"300\" height=\"225\" src=\"http:\/\/mzhk.pl\/wp-content\/uploads\/2018\/05\/lack2018.08-300x225.jpg\" class=\"attachment-medium size-medium\" alt=\"\" srcset=\"http:\/\/mzhk.pl\/wp-content\/uploads\/2018\/05\/lack2018.08-300x225.jpg 300w, http:\/\/mzhk.pl\/wp-content\/uploads\/2018\/05\/lack2018.08-768x576.jpg 768w, http:\/\/mzhk.pl\/wp-content\/uploads\/2018\/05\/lack2018.08.jpg 1024w, http:\/\/mzhk.pl\/wp-content\/uploads\/2018\/05\/lack2018.08-200x150.jpg 200w\" sizes=\"auto, (max-width: 300px) 100vw, 300px\" \/><\/a>\n\t\t\t<\/dt><\/dl><br style=\"clear: both\" \/><dl class='gallery-item'>\n\t\t\t<dt class='gallery-icon landscape'>\n\t\t\t\t<a href='http:\/\/mzhk.pl\/?attachment_id=26'><img loading=\"lazy\" decoding=\"async\" width=\"300\" height=\"225\" src=\"http:\/\/mzhk.pl\/wp-content\/uploads\/2018\/05\/lack2018.09-300x225.jpg\" class=\"attachment-medium size-medium\" alt=\"\" srcset=\"http:\/\/mzhk.pl\/wp-content\/uploads\/2018\/05\/lack2018.09-300x225.jpg 300w, http:\/\/mzhk.pl\/wp-content\/uploads\/2018\/05\/lack2018.09-768x576.jpg 768w, http:\/\/mzhk.pl\/wp-content\/uploads\/2018\/05\/lack2018.09.jpg 1024w, http:\/\/mzhk.pl\/wp-content\/uploads\/2018\/05\/lack2018.09-200x150.jpg 200w\" sizes=\"auto, (max-width: 300px) 100vw, 300px\" \/><\/a>\n\t\t\t<\/dt><\/dl><dl class='gallery-item'>\n\t\t\t<dt class='gallery-icon landscape'>\n\t\t\t\t<a href='http:\/\/mzhk.pl\/?attachment_id=27'><img loading=\"lazy\" decoding=\"async\" width=\"300\" height=\"225\" src=\"http:\/\/mzhk.pl\/wp-content\/uploads\/2018\/05\/lack2018.10-300x225.jpg\" class=\"attachment-medium size-medium\" alt=\"\" srcset=\"http:\/\/mzhk.pl\/wp-content\/uploads\/2018\/05\/lack2018.10-300x225.jpg 300w, http:\/\/mzhk.pl\/wp-content\/uploads\/2018\/05\/lack2018.10-768x576.jpg 768w, http:\/\/mzhk.pl\/wp-content\/uploads\/2018\/05\/lack2018.10.jpg 1024w, http:\/\/mzhk.pl\/wp-content\/uploads\/2018\/05\/lack2018.10-200x150.jpg 200w\" sizes=\"auto, (max-width: 300px) 100vw, 300px\" \/><\/a>\n\t\t\t<\/dt><\/dl><dl class='gallery-item'>\n\t\t\t<dt class='gallery-icon portrait'>\n\t\t\t\t<a href='http:\/\/mzhk.pl\/?attachment_id=28'><img loading=\"lazy\" decoding=\"async\" width=\"225\" height=\"300\" src=\"http:\/\/mzhk.pl\/wp-content\/uploads\/2018\/05\/lack2018.11-225x300.jpg\" class=\"attachment-medium size-medium\" alt=\"\" srcset=\"http:\/\/mzhk.pl\/wp-content\/uploads\/2018\/05\/lack2018.11-225x300.jpg 225w, http:\/\/mzhk.pl\/wp-content\/uploads\/2018\/05\/lack2018.11.jpg 768w\" sizes=\"auto, (max-width: 225px) 100vw, 225px\" \/><\/a>\n\t\t\t<\/dt><\/dl>\n\t\t\t<br style='clear: both' \/>\n\t\t<\/div>\n\n<p>W dniu 13 maja 2018 odby\u0142 sie Pokaz Kr\u00f3likow w \u0141\u0105cku na XXVI Gie\u0142dzie Rolniczej.Pokaz zorganizowany przez MZHK dzi\u0119ki uprzejmo\u015bci Mazowieckiego O\u015brodka Doradztwa Rolniczego Oddzia\u0142 w P\u0142ocku<\/p>\n<p>Na Pokazie tym wzi\u0119li udzia\u0142 Hodowcy :<\/p>\n<p>\u0141\u0105tka Przemys\u0142aw ,Katarzyna i Miros\u0142aw Kantek ,Rudzi\u0144ski \u0141ukasz,Zaboklicki Artur ,Borkowski Wies\u0142aw,Podbielski \u0141ukasz i Przemys\u0142aw ,Edward Chrostowski ,Hubert Ros\u0142aniec .<\/p>\n<p>Hodowcy zaprezentowali na pokazie ponad 100 Szt kr\u00f3lik\u00f3w w r\u00f3\u017cnych rasach i odmianach barwnych..<\/p>\n<p>Wystawa Bardzo udana, wielu zwiedzaj\u0105cych ,<\/p>\n","protected":false},"excerpt":{"rendered":"<p>W dniu 13 maja 2018 odby\u0142 sie Pokaz Kr\u00f3likow w \u0141\u0105cku na XXVI Gie\u0142dzie Rolniczej.Pokaz zorganizowany przez MZHK dzi\u0119ki uprzejmo\u015bci Mazowieckiego O\u015brodka Doradztwa Rolniczego Oddzia\u0142 w P\u0142ocku Na Pokazie tym wzi\u0119li udzia\u0142 Hodowcy : \u0141\u0105tka Przemys\u0142aw ,Katarzyna i Miros\u0142aw Kantek ,Rudzi\u0144ski \u0141ukasz,Zaboklicki Artur ,Borkowski Wies\u0142aw,Podbielski \u0141ukasz i Przemys\u0142aw ,Edward Chrostowski ,Hubert Ros\u0142aniec . Hodowcy zaprezentowali&hellip; <br \/> <a class=\"button small blue\" href=\"http:\/\/mzhk.pl\/?page_id=293\">Dowiedz si\u0119 wi\u0119cej<\/a><\/p>\n","protected":false},"author":1,"featured_media":0,"parent":139,"menu_order":3,"comment_status":"closed","ping_status":"closed","template":"","meta":{"footnotes":""},"class_list":["post-293","page","type-page","status-publish","hentry"],"_links":{"self":[{"href":"http:\/\/mzhk.pl\/index.php?rest_route=\/wp\/v2\/pages\/293","targetHints":{"allow":["GET"]}}],"collection":[{"href":"http:\/\/mzhk.pl\/index.php?rest_route=\/wp\/v2\/pages"}],"about":[{"href":"http:\/\/mzhk.pl\/index.php?rest_route=\/wp\/v2\/types\/page"}],"author":[{"embeddable":true,"href":"http:\/\/mzhk.pl\/index.php?rest_route=\/wp\/v2\/users\/1"}],"replies":[{"embeddable":true,"href":"http:\/\/mzhk.pl\/index.php?rest_route=%2Fwp%2Fv2%2Fcomments&post=293"}],"version-history":[{"count":2,"href":"http:\/\/mzhk.pl\/index.php?rest_route=\/wp\/v2\/pages\/293\/revisions"}],"predecessor-version":[{"id":295,"href":"http:\/\/mzhk.pl\/index.php?rest_route=\/wp\/v2\/pages\/293\/revisions\/295"}],"up":[{"embeddable":true,"href":"http:\/\/mzhk.pl\/index.php?rest_route=\/wp\/v2\/pages\/139"}],"wp:attachment":[{"href":"http:\/\/mzhk.pl\/index.php?rest_route=%2Fwp%2Fv2%2Fmedia&parent=293"}],"curies":[{"name":"wp","href":"https:\/\/api.w.org\/{rel}","templated":true}]}}