{"id":1362,"date":"2024-12-03T19:05:15","date_gmt":"2024-12-03T18:05:15","guid":{"rendered":"http:\/\/mzhk.pl\/?page_id=1362"},"modified":"2024-12-03T19:05:15","modified_gmt":"2024-12-03T18:05:15","slug":"bronisze-2024","status":"publish","type":"page","link":"http:\/\/mzhk.pl\/?page_id=1362","title":{"rendered":"Bronisze 2024"},"content":{"rendered":"\n<p>W dniach 16 \u2013 17 listopada 2024 roku odby\u0142a si\u0119 XI Mazowiecka Wystawa Kr\u00f3lik\u00f3w Rasowych Bronisze 2024.<\/p>\n\n\n\n<p>Na wystawie wystawia\u0142a si\u0119 69 hodowc\u00f3w, kt\u00f3rzy zaprezentowali 605 sztuk kr\u00f3lik\u00f3w w 35 rasach i odmianach barwnych.<\/p>\n\n\n\n<p>Mazowiecki Zwi\u0105zek Hodowc\u00f3w Kr\u00f3lik\u00f3w i Drobnego Inwentarza reprezentowa\u0142o 22 hodowc\u00f3w:<\/p>\n\n\n\n<p>Jaros\u0142aw Kluska M11 \u2013 Champion BOS 0,1 96.5 pkt, Champion NB 1.0 96,5 pkt , Champion Kolekcja i V-Champion kolekcja w kr\u00f3likach doros\u0142ych Nowozelandzkie Bia\u0142e<\/p>\n\n\n\n<p>Jan Sosnowski M46,<\/p>\n\n\n\n<p>Andrzej i Adam Grabowscy M70 \u2013 V- Champion Pc 0,1 96.0 pkt, Champion Kolekcja w kr\u00f3likach doros\u0142ych Pc<\/p>\n\n\n\n<p>Przemys\u0142aw \u0141atka M75<\/p>\n\n\n\n<p>Marcin Matysiak M78 \u2013 Champion Pc 1,0 96,0 pkt, V-Champion Kolekcja kr\u00f3likach doros\u0142ych WJS<\/p>\n\n\n\n<p>Edward Chrostowski M86,<\/p>\n\n\n\n<p>Dariusz Szostak M87,<\/p>\n\n\n\n<p>Mariusz Rejtner M88,<\/p>\n\n\n\n<p>Artur i Adrian Zabokliccy M112,<\/p>\n\n\n\n<p>Artur Barto\u0142owicz M114 \u2013 Champion NC 1,0 96,5 pkt, Champion Kolekcja w kr\u00f3likach doros\u0142ych<\/p>\n\n\n\n<p>Sylester Zych M120,<\/p>\n\n\n\n<p>Tadeusz Makos M121,<\/p>\n\n\n\n<p>Adam Gontarek M129,<\/p>\n\n\n\n<p>Robert Noszczak M162,<\/p>\n\n\n\n<p>Rafa\u0142 Skiba M173 \u2013 V-Champion Wn 1.0 96,0 pkt, Zwyci\u0119zca w Rasie kr\u00f3liki m\u0142ode Wn<\/p>\n\n\n\n<p>Marek Rozbicki M185,<\/p>\n\n\n\n<p>Piotr Zalewski M217 \u2013 Wyr\u00f3\u017cnienie kr\u00f3liki m\u0142ode RxSi 95,5 pkt<\/p>\n\n\n\n<p>&nbsp;Zbigniew Cuch M224,<\/p>\n\n\n\n<p>Grzegorz Klata M225,<\/p>\n\n\n\n<p>Tomasz Pietrzak M229 \u2013 Zwyci\u0119zca w rasie kr\u00f3liki m\u0142ode Kc<\/p>\n\n\n\n<p>Mi\u0142osz Doma\u0144ski M235 \u2013 Wyr\u00f3\u017cnienie NC 1,0 96,5 pkt, Zwyci\u0119zca w rasie kr\u00f3liki m\u0142ode NC<\/p>\n\n\n\n<p>Mieczys\u0142aw Kubiak M237 \u2013 Wyr\u00f3\u017cnienie Pc 0,1 96,0 pkt, V- Champion kolekcja kr\u00f3liki doros\u0142e Pc<\/p>\n\n\n\n<p>&nbsp;\u0141\u0105cznie Hodowcy MZHKIDI wystawili 182 sztuki kr\u00f3lik\u00f3w.<\/p>\n\n\n\n<p>Dzi\u0119kujemy wszystkim wystawcom i zapraszamy za rok.<\/p>\n\n\n\n<figure class=\"wp-block-gallery has-nested-images columns-default is-cropped wp-block-gallery-1 is-layout-flex wp-block-gallery-is-layout-flex\">\n<figure class=\"wp-block-image size-large\"><img loading=\"lazy\" decoding=\"async\" width=\"768\" height=\"1024\" data-id=\"1328\" src=\"http:\/\/mzhk.pl\/wp-content\/uploads\/2024\/12\/01bronisze2024.jpg\" alt=\"\" class=\"wp-image-1328\" srcset=\"http:\/\/mzhk.pl\/wp-content\/uploads\/2024\/12\/01bronisze2024.jpg 768w, http:\/\/mzhk.pl\/wp-content\/uploads\/2024\/12\/01bronisze2024-225x300.jpg 225w\" sizes=\"auto, (max-width: 768px) 100vw, 768px\" \/><\/figure>\n\n\n\n<figure class=\"wp-block-image size-large\"><img loading=\"lazy\" decoding=\"async\" width=\"768\" height=\"1024\" data-id=\"1329\" src=\"http:\/\/mzhk.pl\/wp-content\/uploads\/2024\/12\/02bronisze2024.jpg\" alt=\"\" class=\"wp-image-1329\" srcset=\"http:\/\/mzhk.pl\/wp-content\/uploads\/2024\/12\/02bronisze2024.jpg 768w, http:\/\/mzhk.pl\/wp-content\/uploads\/2024\/12\/02bronisze2024-225x300.jpg 225w\" sizes=\"auto, (max-width: 768px) 100vw, 768px\" \/><\/figure>\n\n\n\n<figure class=\"wp-block-image size-large\"><img loading=\"lazy\" decoding=\"async\" width=\"1024\" height=\"768\" data-id=\"1331\" src=\"http:\/\/mzhk.pl\/wp-content\/uploads\/2024\/12\/04bronisze2024.jpg\" alt=\"\" class=\"wp-image-1331\" srcset=\"http:\/\/mzhk.pl\/wp-content\/uploads\/2024\/12\/04bronisze2024.jpg 1024w, http:\/\/mzhk.pl\/wp-content\/uploads\/2024\/12\/04bronisze2024-300x225.jpg 300w, http:\/\/mzhk.pl\/wp-content\/uploads\/2024\/12\/04bronisze2024-768x576.jpg 768w\" sizes=\"auto, (max-width: 1024px) 100vw, 1024px\" \/><\/figure>\n\n\n\n<figure class=\"wp-block-image size-large\"><img loading=\"lazy\" decoding=\"async\" width=\"768\" height=\"1024\" data-id=\"1330\" src=\"http:\/\/mzhk.pl\/wp-content\/uploads\/2024\/12\/03bronisze2024.jpg\" alt=\"\" class=\"wp-image-1330\" srcset=\"http:\/\/mzhk.pl\/wp-content\/uploads\/2024\/12\/03bronisze2024.jpg 768w, http:\/\/mzhk.pl\/wp-content\/uploads\/2024\/12\/03bronisze2024-225x300.jpg 225w\" sizes=\"auto, (max-width: 768px) 100vw, 768px\" \/><\/figure>\n\n\n\n<figure class=\"wp-block-image size-large\"><img loading=\"lazy\" decoding=\"async\" width=\"1024\" height=\"768\" data-id=\"1332\" src=\"http:\/\/mzhk.pl\/wp-content\/uploads\/2024\/12\/05bronisze2024.jpg\" alt=\"\" class=\"wp-image-1332\" srcset=\"http:\/\/mzhk.pl\/wp-content\/uploads\/2024\/12\/05bronisze2024.jpg 1024w, http:\/\/mzhk.pl\/wp-content\/uploads\/2024\/12\/05bronisze2024-300x225.jpg 300w, http:\/\/mzhk.pl\/wp-content\/uploads\/2024\/12\/05bronisze2024-768x576.jpg 768w\" sizes=\"auto, (max-width: 1024px) 100vw, 1024px\" \/><\/figure>\n\n\n\n<figure class=\"wp-block-image size-large\"><img loading=\"lazy\" decoding=\"async\" width=\"1024\" height=\"768\" data-id=\"1333\" src=\"http:\/\/mzhk.pl\/wp-content\/uploads\/2024\/12\/06bronisze2024.jpg\" alt=\"\" class=\"wp-image-1333\" srcset=\"http:\/\/mzhk.pl\/wp-content\/uploads\/2024\/12\/06bronisze2024.jpg 1024w, http:\/\/mzhk.pl\/wp-content\/uploads\/2024\/12\/06bronisze2024-300x225.jpg 300w, http:\/\/mzhk.pl\/wp-content\/uploads\/2024\/12\/06bronisze2024-768x576.jpg 768w\" sizes=\"auto, (max-width: 1024px) 100vw, 1024px\" \/><\/figure>\n\n\n\n<figure class=\"wp-block-image size-large\"><img loading=\"lazy\" decoding=\"async\" width=\"1024\" height=\"768\" data-id=\"1334\" src=\"http:\/\/mzhk.pl\/wp-content\/uploads\/2024\/12\/07bronisze2024.jpg\" alt=\"\" class=\"wp-image-1334\" srcset=\"http:\/\/mzhk.pl\/wp-content\/uploads\/2024\/12\/07bronisze2024.jpg 1024w, http:\/\/mzhk.pl\/wp-content\/uploads\/2024\/12\/07bronisze2024-300x225.jpg 300w, http:\/\/mzhk.pl\/wp-content\/uploads\/2024\/12\/07bronisze2024-768x576.jpg 768w\" sizes=\"auto, (max-width: 1024px) 100vw, 1024px\" \/><\/figure>\n\n\n\n<figure class=\"wp-block-image size-large\"><img loading=\"lazy\" decoding=\"async\" width=\"1024\" height=\"768\" data-id=\"1335\" src=\"http:\/\/mzhk.pl\/wp-content\/uploads\/2024\/12\/08bronisze2024.jpg\" alt=\"\" class=\"wp-image-1335\" srcset=\"http:\/\/mzhk.pl\/wp-content\/uploads\/2024\/12\/08bronisze2024.jpg 1024w, http:\/\/mzhk.pl\/wp-content\/uploads\/2024\/12\/08bronisze2024-300x225.jpg 300w, http:\/\/mzhk.pl\/wp-content\/uploads\/2024\/12\/08bronisze2024-768x576.jpg 768w\" sizes=\"auto, (max-width: 1024px) 100vw, 1024px\" \/><\/figure>\n\n\n\n<figure class=\"wp-block-image size-large\"><img loading=\"lazy\" decoding=\"async\" width=\"1024\" height=\"768\" data-id=\"1336\" src=\"http:\/\/mzhk.pl\/wp-content\/uploads\/2024\/12\/09bronisze2024.jpg\" alt=\"\" class=\"wp-image-1336\" srcset=\"http:\/\/mzhk.pl\/wp-content\/uploads\/2024\/12\/09bronisze2024.jpg 1024w, http:\/\/mzhk.pl\/wp-content\/uploads\/2024\/12\/09bronisze2024-300x225.jpg 300w, http:\/\/mzhk.pl\/wp-content\/uploads\/2024\/12\/09bronisze2024-768x576.jpg 768w\" sizes=\"auto, (max-width: 1024px) 100vw, 1024px\" \/><\/figure>\n\n\n\n<figure class=\"wp-block-image size-large\"><img loading=\"lazy\" decoding=\"async\" width=\"1024\" height=\"768\" data-id=\"1337\" src=\"http:\/\/mzhk.pl\/wp-content\/uploads\/2024\/12\/10abronisze2024.jpg\" alt=\"\" class=\"wp-image-1337\" srcset=\"http:\/\/mzhk.pl\/wp-content\/uploads\/2024\/12\/10abronisze2024.jpg 1024w, http:\/\/mzhk.pl\/wp-content\/uploads\/2024\/12\/10abronisze2024-300x225.jpg 300w, http:\/\/mzhk.pl\/wp-content\/uploads\/2024\/12\/10abronisze2024-768x576.jpg 768w\" sizes=\"auto, (max-width: 1024px) 100vw, 1024px\" \/><\/figure>\n\n\n\n<figure class=\"wp-block-image size-large\"><img loading=\"lazy\" decoding=\"async\" width=\"1024\" height=\"768\" data-id=\"1338\" src=\"http:\/\/mzhk.pl\/wp-content\/uploads\/2024\/12\/10bbronisze2024.jpg\" alt=\"\" class=\"wp-image-1338\" srcset=\"http:\/\/mzhk.pl\/wp-content\/uploads\/2024\/12\/10bbronisze2024.jpg 1024w, http:\/\/mzhk.pl\/wp-content\/uploads\/2024\/12\/10bbronisze2024-300x225.jpg 300w, http:\/\/mzhk.pl\/wp-content\/uploads\/2024\/12\/10bbronisze2024-768x576.jpg 768w\" sizes=\"auto, (max-width: 1024px) 100vw, 1024px\" \/><\/figure>\n\n\n\n<figure class=\"wp-block-image size-large\"><img loading=\"lazy\" decoding=\"async\" width=\"1024\" height=\"768\" data-id=\"1339\" src=\"http:\/\/mzhk.pl\/wp-content\/uploads\/2024\/12\/10bronisze2024.jpg\" alt=\"\" class=\"wp-image-1339\" srcset=\"http:\/\/mzhk.pl\/wp-content\/uploads\/2024\/12\/10bronisze2024.jpg 1024w, http:\/\/mzhk.pl\/wp-content\/uploads\/2024\/12\/10bronisze2024-300x225.jpg 300w, http:\/\/mzhk.pl\/wp-content\/uploads\/2024\/12\/10bronisze2024-768x576.jpg 768w\" sizes=\"auto, (max-width: 1024px) 100vw, 1024px\" \/><\/figure>\n\n\n\n<figure class=\"wp-block-image size-large\"><img loading=\"lazy\" decoding=\"async\" width=\"1024\" height=\"768\" data-id=\"1340\" src=\"http:\/\/mzhk.pl\/wp-content\/uploads\/2024\/12\/10cbronisze2024.jpg\" alt=\"\" class=\"wp-image-1340\" srcset=\"http:\/\/mzhk.pl\/wp-content\/uploads\/2024\/12\/10cbronisze2024.jpg 1024w, http:\/\/mzhk.pl\/wp-content\/uploads\/2024\/12\/10cbronisze2024-300x225.jpg 300w, http:\/\/mzhk.pl\/wp-content\/uploads\/2024\/12\/10cbronisze2024-768x576.jpg 768w\" sizes=\"auto, (max-width: 1024px) 100vw, 1024px\" \/><\/figure>\n\n\n\n<figure class=\"wp-block-image size-large\"><img loading=\"lazy\" decoding=\"async\" width=\"1024\" height=\"768\" data-id=\"1341\" src=\"http:\/\/mzhk.pl\/wp-content\/uploads\/2024\/12\/10dbronisze2024.jpg\" alt=\"\" class=\"wp-image-1341\" srcset=\"http:\/\/mzhk.pl\/wp-content\/uploads\/2024\/12\/10dbronisze2024.jpg 1024w, http:\/\/mzhk.pl\/wp-content\/uploads\/2024\/12\/10dbronisze2024-300x225.jpg 300w, http:\/\/mzhk.pl\/wp-content\/uploads\/2024\/12\/10dbronisze2024-768x576.jpg 768w\" sizes=\"auto, (max-width: 1024px) 100vw, 1024px\" \/><\/figure>\n\n\n\n<figure class=\"wp-block-image size-large\"><img loading=\"lazy\" decoding=\"async\" width=\"1024\" height=\"768\" data-id=\"1342\" src=\"http:\/\/mzhk.pl\/wp-content\/uploads\/2024\/12\/11bronisze2024.jpg\" alt=\"\" class=\"wp-image-1342\" srcset=\"http:\/\/mzhk.pl\/wp-content\/uploads\/2024\/12\/11bronisze2024.jpg 1024w, http:\/\/mzhk.pl\/wp-content\/uploads\/2024\/12\/11bronisze2024-300x225.jpg 300w, http:\/\/mzhk.pl\/wp-content\/uploads\/2024\/12\/11bronisze2024-768x576.jpg 768w\" sizes=\"auto, (max-width: 1024px) 100vw, 1024px\" \/><\/figure>\n\n\n\n<figure class=\"wp-block-image size-large\"><img loading=\"lazy\" decoding=\"async\" width=\"1024\" height=\"768\" data-id=\"1343\" src=\"http:\/\/mzhk.pl\/wp-content\/uploads\/2024\/12\/12bronisze2024.jpg\" alt=\"\" class=\"wp-image-1343\" srcset=\"http:\/\/mzhk.pl\/wp-content\/uploads\/2024\/12\/12bronisze2024.jpg 1024w, http:\/\/mzhk.pl\/wp-content\/uploads\/2024\/12\/12bronisze2024-300x225.jpg 300w, http:\/\/mzhk.pl\/wp-content\/uploads\/2024\/12\/12bronisze2024-768x576.jpg 768w\" sizes=\"auto, (max-width: 1024px) 100vw, 1024px\" \/><\/figure>\n\n\n\n<figure class=\"wp-block-image size-large\"><img loading=\"lazy\" decoding=\"async\" width=\"1024\" height=\"768\" data-id=\"1344\" src=\"http:\/\/mzhk.pl\/wp-content\/uploads\/2024\/12\/13bronisze2024.jpg\" alt=\"\" class=\"wp-image-1344\" srcset=\"http:\/\/mzhk.pl\/wp-content\/uploads\/2024\/12\/13bronisze2024.jpg 1024w, http:\/\/mzhk.pl\/wp-content\/uploads\/2024\/12\/13bronisze2024-300x225.jpg 300w, http:\/\/mzhk.pl\/wp-content\/uploads\/2024\/12\/13bronisze2024-768x576.jpg 768w\" sizes=\"auto, (max-width: 1024px) 100vw, 1024px\" \/><\/figure>\n\n\n\n<figure class=\"wp-block-image size-large\"><img loading=\"lazy\" decoding=\"async\" width=\"1024\" height=\"768\" data-id=\"1345\" src=\"http:\/\/mzhk.pl\/wp-content\/uploads\/2024\/12\/14bronisze2024.jpg\" alt=\"\" class=\"wp-image-1345\" srcset=\"http:\/\/mzhk.pl\/wp-content\/uploads\/2024\/12\/14bronisze2024.jpg 1024w, http:\/\/mzhk.pl\/wp-content\/uploads\/2024\/12\/14bronisze2024-300x225.jpg 300w, http:\/\/mzhk.pl\/wp-content\/uploads\/2024\/12\/14bronisze2024-768x576.jpg 768w\" sizes=\"auto, (max-width: 1024px) 100vw, 1024px\" \/><\/figure>\n\n\n\n<figure class=\"wp-block-image size-large\"><img loading=\"lazy\" decoding=\"async\" width=\"1024\" height=\"768\" data-id=\"1346\" src=\"http:\/\/mzhk.pl\/wp-content\/uploads\/2024\/12\/15bronisze2024.jpg\" alt=\"\" class=\"wp-image-1346\" srcset=\"http:\/\/mzhk.pl\/wp-content\/uploads\/2024\/12\/15bronisze2024.jpg 1024w, http:\/\/mzhk.pl\/wp-content\/uploads\/2024\/12\/15bronisze2024-300x225.jpg 300w, http:\/\/mzhk.pl\/wp-content\/uploads\/2024\/12\/15bronisze2024-768x576.jpg 768w\" sizes=\"auto, (max-width: 1024px) 100vw, 1024px\" \/><\/figure>\n\n\n\n<figure class=\"wp-block-image size-large\"><img loading=\"lazy\" decoding=\"async\" width=\"1024\" height=\"768\" data-id=\"1347\" src=\"http:\/\/mzhk.pl\/wp-content\/uploads\/2024\/12\/16bronisze2024.jpg\" alt=\"\" class=\"wp-image-1347\" srcset=\"http:\/\/mzhk.pl\/wp-content\/uploads\/2024\/12\/16bronisze2024.jpg 1024w, http:\/\/mzhk.pl\/wp-content\/uploads\/2024\/12\/16bronisze2024-300x225.jpg 300w, http:\/\/mzhk.pl\/wp-content\/uploads\/2024\/12\/16bronisze2024-768x576.jpg 768w\" sizes=\"auto, (max-width: 1024px) 100vw, 1024px\" \/><\/figure>\n\n\n\n<figure class=\"wp-block-image size-large\"><img loading=\"lazy\" decoding=\"async\" width=\"1024\" height=\"768\" data-id=\"1348\" src=\"http:\/\/mzhk.pl\/wp-content\/uploads\/2024\/12\/17bronisze2024.jpg\" alt=\"\" class=\"wp-image-1348\" srcset=\"http:\/\/mzhk.pl\/wp-content\/uploads\/2024\/12\/17bronisze2024.jpg 1024w, http:\/\/mzhk.pl\/wp-content\/uploads\/2024\/12\/17bronisze2024-300x225.jpg 300w, http:\/\/mzhk.pl\/wp-content\/uploads\/2024\/12\/17bronisze2024-768x576.jpg 768w\" sizes=\"auto, (max-width: 1024px) 100vw, 1024px\" \/><\/figure>\n\n\n\n<figure class=\"wp-block-image size-large\"><img loading=\"lazy\" decoding=\"async\" width=\"1024\" height=\"768\" data-id=\"1349\" src=\"http:\/\/mzhk.pl\/wp-content\/uploads\/2024\/12\/18bronisze2024.jpg\" alt=\"\" class=\"wp-image-1349\" srcset=\"http:\/\/mzhk.pl\/wp-content\/uploads\/2024\/12\/18bronisze2024.jpg 1024w, http:\/\/mzhk.pl\/wp-content\/uploads\/2024\/12\/18bronisze2024-300x225.jpg 300w, http:\/\/mzhk.pl\/wp-content\/uploads\/2024\/12\/18bronisze2024-768x576.jpg 768w\" sizes=\"auto, (max-width: 1024px) 100vw, 1024px\" \/><\/figure>\n\n\n\n<figure class=\"wp-block-image size-large\"><img loading=\"lazy\" decoding=\"async\" width=\"1024\" height=\"768\" data-id=\"1350\" src=\"http:\/\/mzhk.pl\/wp-content\/uploads\/2024\/12\/19bronisze2024.jpg\" alt=\"\" class=\"wp-image-1350\" srcset=\"http:\/\/mzhk.pl\/wp-content\/uploads\/2024\/12\/19bronisze2024.jpg 1024w, http:\/\/mzhk.pl\/wp-content\/uploads\/2024\/12\/19bronisze2024-300x225.jpg 300w, http:\/\/mzhk.pl\/wp-content\/uploads\/2024\/12\/19bronisze2024-768x576.jpg 768w\" sizes=\"auto, (max-width: 1024px) 100vw, 1024px\" \/><\/figure>\n\n\n\n<figure class=\"wp-block-image size-large\"><img loading=\"lazy\" decoding=\"async\" width=\"1024\" height=\"768\" data-id=\"1351\" src=\"http:\/\/mzhk.pl\/wp-content\/uploads\/2024\/12\/20bronisze2024.jpg\" alt=\"\" class=\"wp-image-1351\" srcset=\"http:\/\/mzhk.pl\/wp-content\/uploads\/2024\/12\/20bronisze2024.jpg 1024w, http:\/\/mzhk.pl\/wp-content\/uploads\/2024\/12\/20bronisze2024-300x225.jpg 300w, http:\/\/mzhk.pl\/wp-content\/uploads\/2024\/12\/20bronisze2024-768x576.jpg 768w\" sizes=\"auto, (max-width: 1024px) 100vw, 1024px\" \/><\/figure>\n\n\n\n<figure class=\"wp-block-image size-large\"><img loading=\"lazy\" decoding=\"async\" width=\"1024\" height=\"768\" data-id=\"1352\" src=\"http:\/\/mzhk.pl\/wp-content\/uploads\/2024\/12\/21bronisze2024.jpg\" alt=\"\" class=\"wp-image-1352\" srcset=\"http:\/\/mzhk.pl\/wp-content\/uploads\/2024\/12\/21bronisze2024.jpg 1024w, http:\/\/mzhk.pl\/wp-content\/uploads\/2024\/12\/21bronisze2024-300x225.jpg 300w, http:\/\/mzhk.pl\/wp-content\/uploads\/2024\/12\/21bronisze2024-768x576.jpg 768w\" sizes=\"auto, (max-width: 1024px) 100vw, 1024px\" \/><\/figure>\n\n\n\n<figure class=\"wp-block-image size-large\"><img loading=\"lazy\" decoding=\"async\" width=\"1024\" height=\"768\" data-id=\"1353\" src=\"http:\/\/mzhk.pl\/wp-content\/uploads\/2024\/12\/22bronisze2024.jpg\" alt=\"\" class=\"wp-image-1353\" srcset=\"http:\/\/mzhk.pl\/wp-content\/uploads\/2024\/12\/22bronisze2024.jpg 1024w, http:\/\/mzhk.pl\/wp-content\/uploads\/2024\/12\/22bronisze2024-300x225.jpg 300w, http:\/\/mzhk.pl\/wp-content\/uploads\/2024\/12\/22bronisze2024-768x576.jpg 768w\" sizes=\"auto, (max-width: 1024px) 100vw, 1024px\" \/><\/figure>\n\n\n\n<figure class=\"wp-block-image size-large\"><img loading=\"lazy\" decoding=\"async\" width=\"1024\" height=\"768\" data-id=\"1354\" src=\"http:\/\/mzhk.pl\/wp-content\/uploads\/2024\/12\/23bronisze2024.jpg\" alt=\"\" class=\"wp-image-1354\" srcset=\"http:\/\/mzhk.pl\/wp-content\/uploads\/2024\/12\/23bronisze2024.jpg 1024w, http:\/\/mzhk.pl\/wp-content\/uploads\/2024\/12\/23bronisze2024-300x225.jpg 300w, http:\/\/mzhk.pl\/wp-content\/uploads\/2024\/12\/23bronisze2024-768x576.jpg 768w\" sizes=\"auto, (max-width: 1024px) 100vw, 1024px\" \/><\/figure>\n\n\n\n<figure class=\"wp-block-image size-large\"><img loading=\"lazy\" decoding=\"async\" width=\"1024\" height=\"768\" data-id=\"1355\" src=\"http:\/\/mzhk.pl\/wp-content\/uploads\/2024\/12\/24bronisze2024.jpg\" alt=\"\" class=\"wp-image-1355\" srcset=\"http:\/\/mzhk.pl\/wp-content\/uploads\/2024\/12\/24bronisze2024.jpg 1024w, http:\/\/mzhk.pl\/wp-content\/uploads\/2024\/12\/24bronisze2024-300x225.jpg 300w, http:\/\/mzhk.pl\/wp-content\/uploads\/2024\/12\/24bronisze2024-768x576.jpg 768w\" sizes=\"auto, (max-width: 1024px) 100vw, 1024px\" \/><\/figure>\n\n\n\n<figure class=\"wp-block-image size-large\"><img loading=\"lazy\" decoding=\"async\" width=\"1024\" height=\"768\" data-id=\"1356\" src=\"http:\/\/mzhk.pl\/wp-content\/uploads\/2024\/12\/25bronisze2024.jpg\" alt=\"\" class=\"wp-image-1356\" srcset=\"http:\/\/mzhk.pl\/wp-content\/uploads\/2024\/12\/25bronisze2024.jpg 1024w, http:\/\/mzhk.pl\/wp-content\/uploads\/2024\/12\/25bronisze2024-300x225.jpg 300w, http:\/\/mzhk.pl\/wp-content\/uploads\/2024\/12\/25bronisze2024-768x576.jpg 768w\" sizes=\"auto, (max-width: 1024px) 100vw, 1024px\" \/><\/figure>\n\n\n\n<figure class=\"wp-block-image size-large\"><img loading=\"lazy\" decoding=\"async\" width=\"1024\" height=\"768\" data-id=\"1357\" src=\"http:\/\/mzhk.pl\/wp-content\/uploads\/2024\/12\/26bronisze2024-1024x768.jpg\" alt=\"\" class=\"wp-image-1357\" srcset=\"http:\/\/mzhk.pl\/wp-content\/uploads\/2024\/12\/26bronisze2024-1024x768.jpg 1024w, http:\/\/mzhk.pl\/wp-content\/uploads\/2024\/12\/26bronisze2024-300x225.jpg 300w, http:\/\/mzhk.pl\/wp-content\/uploads\/2024\/12\/26bronisze2024-768x576.jpg 768w, http:\/\/mzhk.pl\/wp-content\/uploads\/2024\/12\/26bronisze2024-1536x1152.jpg 1536w, http:\/\/mzhk.pl\/wp-content\/uploads\/2024\/12\/26bronisze2024-1440x1080.jpg 1440w, http:\/\/mzhk.pl\/wp-content\/uploads\/2024\/12\/26bronisze2024.jpg 2048w\" sizes=\"auto, (max-width: 1024px) 100vw, 1024px\" \/><\/figure>\n\n\n\n<figure class=\"wp-block-image size-large\"><img loading=\"lazy\" decoding=\"async\" width=\"1024\" height=\"768\" data-id=\"1358\" src=\"http:\/\/mzhk.pl\/wp-content\/uploads\/2024\/12\/27bronisze2024.jpg\" alt=\"\" class=\"wp-image-1358\" srcset=\"http:\/\/mzhk.pl\/wp-content\/uploads\/2024\/12\/27bronisze2024.jpg 1024w, http:\/\/mzhk.pl\/wp-content\/uploads\/2024\/12\/27bronisze2024-300x225.jpg 300w, http:\/\/mzhk.pl\/wp-content\/uploads\/2024\/12\/27bronisze2024-768x576.jpg 768w\" sizes=\"auto, (max-width: 1024px) 100vw, 1024px\" \/><\/figure>\n\n\n\n<figure class=\"wp-block-image size-large\"><img loading=\"lazy\" decoding=\"async\" width=\"1024\" height=\"768\" data-id=\"1359\" src=\"http:\/\/mzhk.pl\/wp-content\/uploads\/2024\/12\/28bronisze2024.jpg\" alt=\"\" class=\"wp-image-1359\" srcset=\"http:\/\/mzhk.pl\/wp-content\/uploads\/2024\/12\/28bronisze2024.jpg 1024w, http:\/\/mzhk.pl\/wp-content\/uploads\/2024\/12\/28bronisze2024-300x225.jpg 300w, http:\/\/mzhk.pl\/wp-content\/uploads\/2024\/12\/28bronisze2024-768x576.jpg 768w\" sizes=\"auto, (max-width: 1024px) 100vw, 1024px\" \/><\/figure>\n<\/figure>\n","protected":false},"excerpt":{"rendered":"<p>W dniach 16 \u2013 17 listopada 2024 roku odby\u0142a si\u0119 XI Mazowiecka Wystawa Kr\u00f3lik\u00f3w Rasowych Bronisze 2024. Na wystawie wystawia\u0142a si\u0119 69 hodowc\u00f3w, kt\u00f3rzy zaprezentowali 605 sztuk kr\u00f3lik\u00f3w w 35 rasach i odmianach barwnych. Mazowiecki Zwi\u0105zek Hodowc\u00f3w Kr\u00f3lik\u00f3w i Drobnego Inwentarza reprezentowa\u0142o 22 hodowc\u00f3w: Jaros\u0142aw Kluska M11 \u2013 Champion BOS 0,1 96.5 pkt, Champion NB&hellip; <br \/> <a class=\"button small blue\" href=\"http:\/\/mzhk.pl\/?page_id=1362\">Dowiedz si\u0119 wi\u0119cej<\/a><\/p>\n","protected":false},"author":1,"featured_media":0,"parent":139,"menu_order":0,"comment_status":"closed","ping_status":"closed","template":"","meta":{"footnotes":""},"class_list":["post-1362","page","type-page","status-publish","hentry"],"_links":{"self":[{"href":"http:\/\/mzhk.pl\/index.php?rest_route=\/wp\/v2\/pages\/1362","targetHints":{"allow":["GET"]}}],"collection":[{"href":"http:\/\/mzhk.pl\/index.php?rest_route=\/wp\/v2\/pages"}],"about":[{"href":"http:\/\/mzhk.pl\/index.php?rest_route=\/wp\/v2\/types\/page"}],"author":[{"embeddable":true,"href":"http:\/\/mzhk.pl\/index.php?rest_route=\/wp\/v2\/users\/1"}],"replies":[{"embeddable":true,"href":"http:\/\/mzhk.pl\/index.php?rest_route=%2Fwp%2Fv2%2Fcomments&post=1362"}],"version-history":[{"count":1,"href":"http:\/\/mzhk.pl\/index.php?rest_route=\/wp\/v2\/pages\/1362\/revisions"}],"predecessor-version":[{"id":1363,"href":"http:\/\/mzhk.pl\/index.php?rest_route=\/wp\/v2\/pages\/1362\/revisions\/1363"}],"up":[{"embeddable":true,"href":"http:\/\/mzhk.pl\/index.php?rest_route=\/wp\/v2\/pages\/139"}],"wp:attachment":[{"href":"http:\/\/mzhk.pl\/index.php?rest_route=%2Fwp%2Fv2%2Fmedia&parent=1362"}],"curies":[{"name":"wp","href":"https:\/\/api.w.org\/{rel}","templated":true}]}}